{"id":4980,"date":"2021-08-18T22:29:00","date_gmt":"2021-08-18T20:29:00","guid":{"rendered":"http:\/\/demo.hoteltramontano.com\/demo8\/?page_id=4980"},"modified":"2022-01-21T16:46:00","modified_gmt":"2022-01-21T15:46:00","slug":"sala-de-congresos-sorrento-hotel","status":"publish","type":"page","link":"https:\/\/www.hoteltramontano.eu\/pt\/sala-de-congresos-sorrento-hotel\/","title":{"rendered":"Reuni\u00f5es e Eventos"},"content":{"rendered":"\t\t<div data-elementor-type=\"wp-page\" data-elementor-id=\"4980\" class=\"elementor elementor-4980\" data-elementor-settings=\"[]\">\n\t\t\t\t\t\t\t<div class=\"elementor-section-wrap\">\n\t\t\t\t\t\t\t<section class=\"elementor-section elementor-top-section elementor-element elementor-element-bf3eea0 elementor-section-full_width elementor-section-content-top elementor-section-stretched elementor-section-height-default elementor-section-height-default\" data-id=\"bf3eea0\" data-element_type=\"section\" data-settings=\"{&quot;stretch_section&quot;:&quot;section-stretched&quot;,&quot;hoteller_ext_is_background_parallax&quot;:&quot;false&quot;,&quot;hoteller_ext_is_background_on_scroll&quot;:&quot;false&quot;}\">\n\t\t\t\t\t\t<div class=\"elementor-container elementor-column-gap-default\">\n\t\t\t\t\t<div class=\"elementor-column elementor-col-100 elementor-top-column elementor-element elementor-element-47de9b1\" data-id=\"47de9b1\" data-element_type=\"column\" data-settings=\"{&quot;hoteller_ext_is_scrollme&quot;:&quot;false&quot;,&quot;hoteller_ext_is_smoove&quot;:&quot;false&quot;,&quot;hoteller_ext_is_parallax_mouse&quot;:&quot;false&quot;,&quot;hoteller_ext_is_infinite&quot;:&quot;false&quot;,&quot;hoteller_ext_is_fadeout_animation&quot;:&quot;false&quot;}\">\n\t\t\t<div class=\"elementor-widget-wrap elementor-element-populated\">\n\t\t\t\t\t\t\t\t<div class=\"elementor-element elementor-element-564a451 titolo-slide-pagina elementor-widget elementor-widget-hoteller-slider-parallax\" data-id=\"564a451\" data-element_type=\"widget\" data-settings=\"{&quot;hoteller_ext_is_scrollme&quot;:&quot;false&quot;,&quot;hoteller_ext_is_smoove&quot;:&quot;false&quot;,&quot;hoteller_ext_is_parallax_mouse&quot;:&quot;false&quot;,&quot;hoteller_ext_is_infinite&quot;:&quot;false&quot;,&quot;hoteller_ext_is_fadeout_animation&quot;:&quot;false&quot;}\" data-widget_type=\"hoteller-slider-parallax.default\">\n\t\t\t\t<div class=\"elementor-widget-container\">\n\t\t\t<div class=\"slider_parallax_wrapper\" data-autoplay=\"0\" data-pagination=\"0\" data-navigation=\"0\">\n\t<div class=\"slider_parallax_inner\">\n\t\t<div class=\"slider_parallax_slides\">\n\t\t\t\t\t\t<div class=\"slide is-active \">\n\t\t          \t<div class=\"slide-content\">\n\t\t            \t<div class=\"caption\">\n\t\t\t\t\t\t\t<div class=\"title\"><h2>Reuni\u00f5es e Eventos<\/h2><\/div>\n\t\t\t\t\t\t\t<div class=\"text\">\n\t\t                \t\t\t\t              \t\t<\/div> \n\t\t\t                \t\t            \t<\/div>\n\t\t          \t<\/div>\n\t\t\t\t  \t<div class=\"image-container\"> \n\t\t            \t<img decoding=\"async\" src=\"https:\/\/www.hoteltramontano.eu\/pt\/wp-content\/uploads\/2021\/06\/Hotel_Imperial_Tramontano_a_sorrento_hotel_a_sorrento_pagina_meet_e_celebrate_slide.jpg\" alt=\"\" class=\"image\" \/>\n\t\t          \t<\/div>\n\t\t        <\/div>\n\t\t\t\t<\/div>\n\t\t\t    \t<\/div>\n<\/div>\n\t\t<\/div>\n\t\t\t\t<\/div>\n\t\t\t\t\t<\/div>\n\t\t<\/div>\n\t\t\t\t\t\t\t<\/div>\n\t\t<\/section>\n\t\t\t\t<section class=\"elementor-section elementor-top-section elementor-element elementor-element-3f117d1 elementor-section-boxed elementor-section-height-default elementor-section-height-default\" data-id=\"3f117d1\" data-element_type=\"section\" data-settings=\"{&quot;hoteller_ext_is_background_parallax&quot;:&quot;false&quot;,&quot;hoteller_ext_is_background_on_scroll&quot;:&quot;false&quot;}\">\n\t\t\t\t\t\t<div class=\"elementor-container elementor-column-gap-default\">\n\t\t\t\t\t<div class=\"elementor-column elementor-col-50 elementor-top-column elementor-element elementor-element-1deb20d\" data-id=\"1deb20d\" data-element_type=\"column\" data-settings=\"{&quot;hoteller_ext_is_scrollme&quot;:&quot;false&quot;,&quot;hoteller_ext_is_smoove&quot;:&quot;false&quot;,&quot;hoteller_ext_is_parallax_mouse&quot;:&quot;false&quot;,&quot;hoteller_ext_is_infinite&quot;:&quot;false&quot;,&quot;hoteller_ext_is_fadeout_animation&quot;:&quot;false&quot;}\">\n\t\t\t<div class=\"elementor-widget-wrap elementor-element-populated\">\n\t\t\t\t\t\t\t\t<div class=\"elementor-element elementor-element-83bf5de elementor-invisible elementor-widget elementor-widget-heading\" data-id=\"83bf5de\" data-element_type=\"widget\" data-settings=\"{&quot;_animation&quot;:&quot;fadeInUp&quot;,&quot;hoteller_ext_is_scrollme&quot;:&quot;false&quot;,&quot;hoteller_ext_is_smoove&quot;:&quot;false&quot;,&quot;hoteller_ext_is_parallax_mouse&quot;:&quot;false&quot;,&quot;hoteller_ext_is_infinite&quot;:&quot;false&quot;,&quot;hoteller_ext_is_fadeout_animation&quot;:&quot;false&quot;}\" data-widget_type=\"heading.default\">\n\t\t\t\t<div class=\"elementor-widget-container\">\n\t\t\t<h2 class=\"elementor-heading-title elementor-size-default\">Sala de reuni\u00f5es<\/h2>\t\t<\/div>\n\t\t\t\t<\/div>\n\t\t\t\t<div class=\"elementor-element elementor-element-da30eed elementor-widget elementor-widget-spacer\" data-id=\"da30eed\" data-element_type=\"widget\" data-settings=\"{&quot;hoteller_ext_is_scrollme&quot;:&quot;false&quot;,&quot;hoteller_ext_is_smoove&quot;:&quot;false&quot;,&quot;hoteller_ext_is_parallax_mouse&quot;:&quot;false&quot;,&quot;hoteller_ext_is_infinite&quot;:&quot;false&quot;,&quot;hoteller_ext_is_fadeout_animation&quot;:&quot;false&quot;}\" data-widget_type=\"spacer.default\">\n\t\t\t\t<div class=\"elementor-widget-container\">\n\t\t\t\t\t<div class=\"elementor-spacer\">\n\t\t\t<div class=\"elementor-spacer-inner\"><\/div>\n\t\t<\/div>\n\t\t\t\t<\/div>\n\t\t\t\t<\/div>\n\t\t\t\t<div class=\"elementor-element elementor-element-35cc136 elementor-invisible elementor-widget elementor-widget-text-editor\" data-id=\"35cc136\" data-element_type=\"widget\" data-settings=\"{&quot;_animation&quot;:&quot;fadeInUp&quot;,&quot;_animation_delay&quot;:100,&quot;hoteller_ext_is_scrollme&quot;:&quot;false&quot;,&quot;hoteller_ext_is_smoove&quot;:&quot;false&quot;,&quot;hoteller_ext_is_parallax_mouse&quot;:&quot;false&quot;,&quot;hoteller_ext_is_infinite&quot;:&quot;false&quot;,&quot;hoteller_ext_is_fadeout_animation&quot;:&quot;false&quot;}\" data-widget_type=\"text-editor.default\">\n\t\t\t\t<div class=\"elementor-widget-container\">\n\t\t\t\t\t\t\t<p>As salas de reuni\u00f5es do Hotel Tramontano podem acomodar de 10 a 200 pessoas para qualquer tipo de encontro, congresso ou reuni\u00e3o de neg\u00f3cios, com poss\u00edveis coffee breaks e pequenos-almo\u00e7os de trabalho. A sala &#8220;Aminta&#8221; do s\u00e9culo XVIII disp\u00f5e de um sistema de amplifica\u00e7\u00e3o, grava\u00e7\u00e3o de \u00e1udio e v\u00eddeo, proje\u00e7\u00e3o de v\u00eddeo, diapositivos e pel\u00edculas, telefone direto, ar condicionado e uma passarela para desfiles de moda.<\/p>\t\t\t\t\t\t<\/div>\n\t\t\t\t<\/div>\n\t\t\t\t<div class=\"elementor-element elementor-element-07bdbb4 elementor-invisible elementor-widget elementor-widget-image\" data-id=\"07bdbb4\" data-element_type=\"widget\" data-settings=\"{&quot;_animation&quot;:&quot;fadeInUp&quot;,&quot;_animation_delay&quot;:400,&quot;hoteller_image_is_animation&quot;:&quot;false&quot;,&quot;hoteller_ext_is_scrollme&quot;:&quot;false&quot;,&quot;hoteller_ext_is_smoove&quot;:&quot;false&quot;,&quot;hoteller_ext_is_parallax_mouse&quot;:&quot;false&quot;,&quot;hoteller_ext_is_infinite&quot;:&quot;false&quot;,&quot;hoteller_ext_is_fadeout_animation&quot;:&quot;false&quot;}\" data-widget_type=\"image.default\">\n\t\t\t\t<div class=\"elementor-widget-container\">\n\t\t\t\t\t\t\t\t\t\t\t\t\t\t\t<img loading=\"lazy\" decoding=\"async\" width=\"1960\" height=\"1080\" src=\"https:\/\/www.hoteltramontano.eu\/pt\/wp-content\/uploads\/2021\/06\/Hotel_Imperial_Tramontano_a_sorrento_hotel_a_sorrento_pagina_meet_e_celebrate_blocco_foto_2.jpg\" class=\"attachment-full size-full\" alt=\"\" \/>\t\t\t\t\t\t\t\t\t\t\t\t\t\t\t<\/div>\n\t\t\t\t<\/div>\n\t\t\t\t\t<\/div>\n\t\t<\/div>\n\t\t\t\t<div class=\"elementor-column elementor-col-50 elementor-top-column elementor-element elementor-element-2296339\" data-id=\"2296339\" data-element_type=\"column\" data-settings=\"{&quot;hoteller_ext_is_scrollme&quot;:&quot;false&quot;,&quot;hoteller_ext_is_smoove&quot;:&quot;false&quot;,&quot;hoteller_ext_is_parallax_mouse&quot;:&quot;false&quot;,&quot;hoteller_ext_is_infinite&quot;:&quot;false&quot;,&quot;hoteller_ext_is_fadeout_animation&quot;:&quot;false&quot;}\">\n\t\t\t<div class=\"elementor-widget-wrap elementor-element-populated\">\n\t\t\t\t\t\t\t\t<div class=\"elementor-element elementor-element-37c44c3 elementor-invisible elementor-widget elementor-widget-image\" data-id=\"37c44c3\" data-element_type=\"widget\" data-settings=\"{&quot;_animation&quot;:&quot;fadeInUp&quot;,&quot;_animation_delay&quot;:200,&quot;hoteller_image_is_animation&quot;:&quot;false&quot;,&quot;hoteller_ext_is_scrollme&quot;:&quot;false&quot;,&quot;hoteller_ext_is_smoove&quot;:&quot;false&quot;,&quot;hoteller_ext_is_parallax_mouse&quot;:&quot;false&quot;,&quot;hoteller_ext_is_infinite&quot;:&quot;false&quot;,&quot;hoteller_ext_is_fadeout_animation&quot;:&quot;false&quot;}\" data-widget_type=\"image.default\">\n\t\t\t\t<div class=\"elementor-widget-container\">\n\t\t\t\t\t\t\t\t\t\t\t\t\t\t\t<img loading=\"lazy\" decoding=\"async\" width=\"765\" height=\"1260\" src=\"https:\/\/www.hoteltramontano.eu\/pt\/wp-content\/uploads\/2021\/06\/Hotel_Imperial_Tramontano_a_sorrento_hotel_a_sorrento_pagina_meet_e_celebrate_blocco_foto_3.jpg\" class=\"attachment-full size-full\" alt=\"\" \/>\t\t\t\t\t\t\t\t\t\t\t\t\t\t\t<\/div>\n\t\t\t\t<\/div>\n\t\t\t\t\t<\/div>\n\t\t<\/div>\n\t\t\t\t\t\t\t<\/div>\n\t\t<\/section>\n\t\t\t\t\t\t<\/div>\n\t\t\t\t\t<\/div>\n\t\t","protected":false},"excerpt":{"rendered":"<p>Reuni\u00f5es e Eventos Sala de reuni\u00f5es As salas de reuni\u00f5es do Hotel Tramontano podem acomodar de 10 a 200 pessoas para qualquer tipo de encontro, congresso ou reuni\u00e3o de neg\u00f3cios, com poss\u00edveis coffee breaks e pequenos-almo\u00e7os de trabalho. A sala [&hellip;]<\/p>\n","protected":false},"author":1,"featured_media":1983,"parent":0,"menu_order":0,"comment_status":"closed","ping_status":"closed","template":"","meta":{"footnotes":""},"class_list":["post-4980","page","type-page","status-publish","has-post-thumbnail","hentry"],"yoast_head":"<!-- This site is optimized with the Yoast SEO plugin v25.0 - https:\/\/yoast.com\/wordpress\/plugins\/seo\/ -->\n<title>Festivais e Eventos | 4 Star Hotel Sorrento - Imperial Hotel Tramontano<\/title>\n<meta name=\"description\" content=\"Festivais e Eventos | 4 Star Hotel Sorrento - Imperial Hotel Tramontano. O hotel possui uma sala de eventos com capacidade para 200 pessoas.\" \/>\n<meta name=\"robots\" content=\"index, follow, max-snippet:-1, max-image-preview:large, max-video-preview:-1\" \/>\n<link rel=\"canonical\" href=\"https:\/\/www.hoteltramontano.eu\/pt\/sala-de-congresos-sorrento-hotel\/\" \/>\n<meta property=\"og:locale\" content=\"it_IT\" \/>\n<meta property=\"og:type\" content=\"article\" \/>\n<meta property=\"og:title\" content=\"Festivais e Eventos | 4 Star Hotel Sorrento - Imperial Hotel Tramontano\" \/>\n<meta property=\"og:description\" content=\"Festivais e Eventos | 4 Star Hotel Sorrento - Imperial Hotel Tramontano. O hotel possui uma sala de eventos com capacidade para 200 pessoas.\" \/>\n<meta property=\"og:url\" content=\"https:\/\/www.hoteltramontano.eu\/pt\/sala-de-congresos-sorrento-hotel\/\" \/>\n<meta property=\"og:site_name\" content=\"Imperial Hotel Tramontano\" \/>\n<meta property=\"article:modified_time\" content=\"2022-01-21T15:46:00+00:00\" \/>\n<meta property=\"og:image\" content=\"https:\/\/www.hoteltramontano.eu\/pt\/wp-content\/uploads\/2021\/06\/Hotel_Imperial_Tramontano_a_sorrento_hotel_a_sorrento_pagina_meet_e_celebrate_slide.jpg\" \/>\n\t<meta property=\"og:image:width\" content=\"1960\" \/>\n\t<meta property=\"og:image:height\" content=\"1080\" \/>\n\t<meta property=\"og:image:type\" content=\"image\/jpeg\" \/>\n<meta name=\"twitter:card\" content=\"summary_large_image\" \/>\n<meta name=\"twitter:label1\" content=\"Est. reading time\" \/>\n\t<meta name=\"twitter:data1\" content=\"1 minuto\" \/>\n<script type=\"application\/ld+json\" class=\"yoast-schema-graph\">{\"@context\":\"https:\/\/schema.org\",\"@graph\":[{\"@type\":\"WebPage\",\"@id\":\"https:\/\/www.hoteltramontano.eu\/pt\/sala-de-congresos-sorrento-hotel\/\",\"url\":\"https:\/\/www.hoteltramontano.eu\/pt\/sala-de-congresos-sorrento-hotel\/\",\"name\":\"Festivais e Eventos | 4 Star Hotel Sorrento - Imperial Hotel Tramontano\",\"isPartOf\":{\"@id\":\"https:\/\/www.hoteltramontano.eu\/pt\/#website\"},\"primaryImageOfPage\":{\"@id\":\"https:\/\/www.hoteltramontano.eu\/pt\/sala-de-congresos-sorrento-hotel\/#primaryimage\"},\"image\":{\"@id\":\"https:\/\/www.hoteltramontano.eu\/pt\/sala-de-congresos-sorrento-hotel\/#primaryimage\"},\"thumbnailUrl\":\"https:\/\/www.hoteltramontano.eu\/pt\/wp-content\/uploads\/2021\/06\/Hotel_Imperial_Tramontano_a_sorrento_hotel_a_sorrento_pagina_meet_e_celebrate_slide.jpg\",\"datePublished\":\"2021-08-18T20:29:00+00:00\",\"dateModified\":\"2022-01-21T15:46:00+00:00\",\"description\":\"Festivais e Eventos | 4 Star Hotel Sorrento - Imperial Hotel Tramontano. O hotel possui uma sala de eventos com capacidade para 200 pessoas.\",\"breadcrumb\":{\"@id\":\"https:\/\/www.hoteltramontano.eu\/pt\/sala-de-congresos-sorrento-hotel\/#breadcrumb\"},\"inLanguage\":\"it-IT\",\"potentialAction\":[{\"@type\":\"ReadAction\",\"target\":[\"https:\/\/www.hoteltramontano.eu\/pt\/sala-de-congresos-sorrento-hotel\/\"]}]},{\"@type\":\"ImageObject\",\"inLanguage\":\"it-IT\",\"@id\":\"https:\/\/www.hoteltramontano.eu\/pt\/sala-de-congresos-sorrento-hotel\/#primaryimage\",\"url\":\"https:\/\/www.hoteltramontano.eu\/pt\/wp-content\/uploads\/2021\/06\/Hotel_Imperial_Tramontano_a_sorrento_hotel_a_sorrento_pagina_meet_e_celebrate_slide.jpg\",\"contentUrl\":\"https:\/\/www.hoteltramontano.eu\/pt\/wp-content\/uploads\/2021\/06\/Hotel_Imperial_Tramontano_a_sorrento_hotel_a_sorrento_pagina_meet_e_celebrate_slide.jpg\",\"width\":1960,\"height\":1080},{\"@type\":\"BreadcrumbList\",\"@id\":\"https:\/\/www.hoteltramontano.eu\/pt\/sala-de-congresos-sorrento-hotel\/#breadcrumb\",\"itemListElement\":[{\"@type\":\"ListItem\",\"position\":1,\"name\":\"Home\",\"item\":\"https:\/\/www.hoteltramontano.eu\/pt\/\"},{\"@type\":\"ListItem\",\"position\":2,\"name\":\"Reuni\u00f5es e Eventos\"}]},{\"@type\":\"WebSite\",\"@id\":\"https:\/\/www.hoteltramontano.eu\/pt\/#website\",\"url\":\"https:\/\/www.hoteltramontano.eu\/pt\/\",\"name\":\"Imperial Hotel Tramontano\",\"description\":\"Hotel a Sorrento\",\"potentialAction\":[{\"@type\":\"SearchAction\",\"target\":{\"@type\":\"EntryPoint\",\"urlTemplate\":\"https:\/\/www.hoteltramontano.eu\/pt\/?s={search_term_string}\"},\"query-input\":{\"@type\":\"PropertyValueSpecification\",\"valueRequired\":true,\"valueName\":\"search_term_string\"}}],\"inLanguage\":\"it-IT\"}]}<\/script>\n<!-- \/ Yoast SEO plugin. -->","yoast_head_json":{"title":"Festivais e Eventos | 4 Star Hotel Sorrento - Imperial Hotel Tramontano","description":"Festivais e Eventos | 4 Star Hotel Sorrento - Imperial Hotel Tramontano. O hotel possui uma sala de eventos com capacidade para 200 pessoas.","robots":{"index":"index","follow":"follow","max-snippet":"max-snippet:-1","max-image-preview":"max-image-preview:large","max-video-preview":"max-video-preview:-1"},"canonical":"https:\/\/www.hoteltramontano.eu\/pt\/sala-de-congresos-sorrento-hotel\/","og_locale":"it_IT","og_type":"article","og_title":"Festivais e Eventos | 4 Star Hotel Sorrento - Imperial Hotel Tramontano","og_description":"Festivais e Eventos | 4 Star Hotel Sorrento - Imperial Hotel Tramontano. O hotel possui uma sala de eventos com capacidade para 200 pessoas.","og_url":"https:\/\/www.hoteltramontano.eu\/pt\/sala-de-congresos-sorrento-hotel\/","og_site_name":"Imperial Hotel Tramontano","article_modified_time":"2022-01-21T15:46:00+00:00","og_image":[{"width":1960,"height":1080,"url":"https:\/\/www.hoteltramontano.eu\/pt\/wp-content\/uploads\/2021\/06\/Hotel_Imperial_Tramontano_a_sorrento_hotel_a_sorrento_pagina_meet_e_celebrate_slide.jpg","type":"image\/jpeg"}],"twitter_card":"summary_large_image","twitter_misc":{"Est. reading time":"1 minuto"},"schema":{"@context":"https:\/\/schema.org","@graph":[{"@type":"WebPage","@id":"https:\/\/www.hoteltramontano.eu\/pt\/sala-de-congresos-sorrento-hotel\/","url":"https:\/\/www.hoteltramontano.eu\/pt\/sala-de-congresos-sorrento-hotel\/","name":"Festivais e Eventos | 4 Star Hotel Sorrento - Imperial Hotel Tramontano","isPartOf":{"@id":"https:\/\/www.hoteltramontano.eu\/pt\/#website"},"primaryImageOfPage":{"@id":"https:\/\/www.hoteltramontano.eu\/pt\/sala-de-congresos-sorrento-hotel\/#primaryimage"},"image":{"@id":"https:\/\/www.hoteltramontano.eu\/pt\/sala-de-congresos-sorrento-hotel\/#primaryimage"},"thumbnailUrl":"https:\/\/www.hoteltramontano.eu\/pt\/wp-content\/uploads\/2021\/06\/Hotel_Imperial_Tramontano_a_sorrento_hotel_a_sorrento_pagina_meet_e_celebrate_slide.jpg","datePublished":"2021-08-18T20:29:00+00:00","dateModified":"2022-01-21T15:46:00+00:00","description":"Festivais e Eventos | 4 Star Hotel Sorrento - Imperial Hotel Tramontano. O hotel possui uma sala de eventos com capacidade para 200 pessoas.","breadcrumb":{"@id":"https:\/\/www.hoteltramontano.eu\/pt\/sala-de-congresos-sorrento-hotel\/#breadcrumb"},"inLanguage":"it-IT","potentialAction":[{"@type":"ReadAction","target":["https:\/\/www.hoteltramontano.eu\/pt\/sala-de-congresos-sorrento-hotel\/"]}]},{"@type":"ImageObject","inLanguage":"it-IT","@id":"https:\/\/www.hoteltramontano.eu\/pt\/sala-de-congresos-sorrento-hotel\/#primaryimage","url":"https:\/\/www.hoteltramontano.eu\/pt\/wp-content\/uploads\/2021\/06\/Hotel_Imperial_Tramontano_a_sorrento_hotel_a_sorrento_pagina_meet_e_celebrate_slide.jpg","contentUrl":"https:\/\/www.hoteltramontano.eu\/pt\/wp-content\/uploads\/2021\/06\/Hotel_Imperial_Tramontano_a_sorrento_hotel_a_sorrento_pagina_meet_e_celebrate_slide.jpg","width":1960,"height":1080},{"@type":"BreadcrumbList","@id":"https:\/\/www.hoteltramontano.eu\/pt\/sala-de-congresos-sorrento-hotel\/#breadcrumb","itemListElement":[{"@type":"ListItem","position":1,"name":"Home","item":"https:\/\/www.hoteltramontano.eu\/pt\/"},{"@type":"ListItem","position":2,"name":"Reuni\u00f5es e Eventos"}]},{"@type":"WebSite","@id":"https:\/\/www.hoteltramontano.eu\/pt\/#website","url":"https:\/\/www.hoteltramontano.eu\/pt\/","name":"Imperial Hotel Tramontano","description":"Hotel a Sorrento","potentialAction":[{"@type":"SearchAction","target":{"@type":"EntryPoint","urlTemplate":"https:\/\/www.hoteltramontano.eu\/pt\/?s={search_term_string}"},"query-input":{"@type":"PropertyValueSpecification","valueRequired":true,"valueName":"search_term_string"}}],"inLanguage":"it-IT"}]}},"_links":{"self":[{"href":"https:\/\/www.hoteltramontano.eu\/pt\/wp-json\/wp\/v2\/pages\/4980","targetHints":{"allow":["GET"]}}],"collection":[{"href":"https:\/\/www.hoteltramontano.eu\/pt\/wp-json\/wp\/v2\/pages"}],"about":[{"href":"https:\/\/www.hoteltramontano.eu\/pt\/wp-json\/wp\/v2\/types\/page"}],"author":[{"embeddable":true,"href":"https:\/\/www.hoteltramontano.eu\/pt\/wp-json\/wp\/v2\/users\/1"}],"replies":[{"embeddable":true,"href":"https:\/\/www.hoteltramontano.eu\/pt\/wp-json\/wp\/v2\/comments?post=4980"}],"version-history":[{"count":14,"href":"https:\/\/www.hoteltramontano.eu\/pt\/wp-json\/wp\/v2\/pages\/4980\/revisions"}],"predecessor-version":[{"id":7002,"href":"https:\/\/www.hoteltramontano.eu\/pt\/wp-json\/wp\/v2\/pages\/4980\/revisions\/7002"}],"wp:featuredmedia":[{"embeddable":true,"href":"https:\/\/www.hoteltramontano.eu\/pt\/wp-json\/wp\/v2\/media\/1983"}],"wp:attachment":[{"href":"https:\/\/www.hoteltramontano.eu\/pt\/wp-json\/wp\/v2\/media?parent=4980"}],"curies":[{"name":"wp","href":"https:\/\/api.w.org\/{rel}","templated":true}]}}