{"id":5699,"date":"2021-10-11T12:48:01","date_gmt":"2021-10-11T10:48:01","guid":{"rendered":"http:\/\/demo.hoteltramontano.com\/demo8\/?page_id=5699"},"modified":"2022-01-21T17:04:15","modified_gmt":"2022-01-21T16:04:15","slug":"hotel-jardim","status":"publish","type":"page","link":"https:\/\/www.hoteltramontano.eu\/fr\/hotel-jardim\/","title":{"rendered":"Hotel Jardim"},"content":{"rendered":"\t\t<div data-elementor-type=\"wp-page\" data-elementor-id=\"5699\" class=\"elementor elementor-5699\" data-elementor-settings=\"[]\">\n\t\t\t\t\t\t\t<div class=\"elementor-section-wrap\">\n\t\t\t\t\t\t\t<section class=\"elementor-section elementor-top-section elementor-element elementor-element-bf3eea0 elementor-section-full_width elementor-section-content-top elementor-section-stretched elementor-section-height-default elementor-section-height-default\" data-id=\"bf3eea0\" data-element_type=\"section\" data-settings=\"{&quot;stretch_section&quot;:&quot;section-stretched&quot;,&quot;hoteller_ext_is_background_parallax&quot;:&quot;false&quot;,&quot;hoteller_ext_is_background_on_scroll&quot;:&quot;false&quot;}\">\n\t\t\t\t\t\t<div class=\"elementor-container elementor-column-gap-default\">\n\t\t\t\t\t<div class=\"elementor-column elementor-col-100 elementor-top-column elementor-element elementor-element-47de9b1\" data-id=\"47de9b1\" data-element_type=\"column\" data-settings=\"{&quot;hoteller_ext_is_scrollme&quot;:&quot;false&quot;,&quot;hoteller_ext_is_smoove&quot;:&quot;false&quot;,&quot;hoteller_ext_is_parallax_mouse&quot;:&quot;false&quot;,&quot;hoteller_ext_is_infinite&quot;:&quot;false&quot;,&quot;hoteller_ext_is_fadeout_animation&quot;:&quot;false&quot;}\">\n\t\t\t<div class=\"elementor-widget-wrap elementor-element-populated\">\n\t\t\t\t\t\t\t\t<div class=\"elementor-element elementor-element-564a451 titolo-slide-pagina elementor-widget elementor-widget-hoteller-slider-parallax\" data-id=\"564a451\" data-element_type=\"widget\" data-settings=\"{&quot;hoteller_ext_is_scrollme&quot;:&quot;false&quot;,&quot;hoteller_ext_is_smoove&quot;:&quot;false&quot;,&quot;hoteller_ext_is_parallax_mouse&quot;:&quot;false&quot;,&quot;hoteller_ext_is_infinite&quot;:&quot;false&quot;,&quot;hoteller_ext_is_fadeout_animation&quot;:&quot;false&quot;}\" data-widget_type=\"hoteller-slider-parallax.default\">\n\t\t\t\t<div class=\"elementor-widget-container\">\n\t\t\t<div class=\"slider_parallax_wrapper\" data-autoplay=\"0\" data-pagination=\"0\" data-navigation=\"0\">\n\t<div class=\"slider_parallax_inner\">\n\t\t<div class=\"slider_parallax_slides\">\n\t\t\t\t\t\t<div class=\"slide is-active \">\n\t\t          \t<div class=\"slide-content\">\n\t\t            \t<div class=\"caption\">\n\t\t\t\t\t\t\t<div class=\"title\"><h2>Jardim<\/h2><\/div>\n\t\t\t\t\t\t\t<div class=\"text\">\n\t\t                \t\t\t\t              \t\t<\/div> \n\t\t\t                \t\t            \t<\/div>\n\t\t          \t<\/div>\n\t\t\t\t  \t<div class=\"image-container\"> \n\t\t            \t<img decoding=\"async\" src=\"https:\/\/www.hoteltramontano.eu\/fr\/wp-content\/uploads\/2021\/11\/Hotel_Imperial_Tramontano_a_sorrento_hotel_a_sorrento_foto_slide_pagina_giardino_1.jpg\" alt=\"\" class=\"image\" \/>\n\t\t          \t<\/div>\n\t\t        <\/div>\n\t\t\t\t<\/div>\n\t\t\t    \t<\/div>\n<\/div>\n\t\t<\/div>\n\t\t\t\t<\/div>\n\t\t\t\t\t<\/div>\n\t\t<\/div>\n\t\t\t\t\t\t\t<\/div>\n\t\t<\/section>\n\t\t\t\t<section class=\"elementor-section elementor-top-section elementor-element elementor-element-1da0afb elementor-section-boxed elementor-section-height-default elementor-section-height-default\" data-id=\"1da0afb\" data-element_type=\"section\" data-settings=\"{&quot;hoteller_ext_is_background_parallax&quot;:&quot;false&quot;,&quot;hoteller_ext_is_background_on_scroll&quot;:&quot;false&quot;}\">\n\t\t\t\t\t\t<div class=\"elementor-container elementor-column-gap-default\">\n\t\t\t\t\t<div class=\"elementor-column elementor-col-50 elementor-top-column elementor-element elementor-element-c6cc490\" data-id=\"c6cc490\" data-element_type=\"column\" data-settings=\"{&quot;hoteller_ext_is_scrollme&quot;:&quot;false&quot;,&quot;hoteller_ext_is_smoove&quot;:&quot;false&quot;,&quot;hoteller_ext_is_parallax_mouse&quot;:&quot;false&quot;,&quot;hoteller_ext_is_infinite&quot;:&quot;false&quot;,&quot;hoteller_ext_is_fadeout_animation&quot;:&quot;false&quot;}\">\n\t\t\t<div class=\"elementor-widget-wrap elementor-element-populated\">\n\t\t\t\t\t\t\t\t<div class=\"elementor-element elementor-element-ec4c54e elementor-widget elementor-widget-image\" data-id=\"ec4c54e\" data-element_type=\"widget\" data-settings=\"{&quot;hoteller_image_is_animation&quot;:&quot;false&quot;,&quot;hoteller_ext_is_scrollme&quot;:&quot;false&quot;,&quot;hoteller_ext_is_smoove&quot;:&quot;false&quot;,&quot;hoteller_ext_is_parallax_mouse&quot;:&quot;false&quot;,&quot;hoteller_ext_is_infinite&quot;:&quot;false&quot;,&quot;hoteller_ext_is_fadeout_animation&quot;:&quot;false&quot;}\" data-widget_type=\"image.default\">\n\t\t\t\t<div class=\"elementor-widget-container\">\n\t\t\t\t\t\t\t\t\t\t\t\t\t\t\t<img loading=\"lazy\" decoding=\"async\" width=\"533\" height=\"800\" src=\"https:\/\/www.hoteltramontano.eu\/fr\/wp-content\/uploads\/2021\/11\/foto_hotel_imperial_tramontano_pagina_giardino_immagine_blocco_1.jpg\" class=\"attachment-full size-full\" alt=\"\" \/>\t\t\t\t\t\t\t\t\t\t\t\t\t\t\t<\/div>\n\t\t\t\t<\/div>\n\t\t\t\t\t<\/div>\n\t\t<\/div>\n\t\t\t\t<div class=\"elementor-column elementor-col-50 elementor-top-column elementor-element elementor-element-fa6956f\" data-id=\"fa6956f\" data-element_type=\"column\" data-settings=\"{&quot;hoteller_ext_is_scrollme&quot;:&quot;false&quot;,&quot;hoteller_ext_is_smoove&quot;:&quot;false&quot;,&quot;hoteller_ext_is_parallax_mouse&quot;:&quot;false&quot;,&quot;hoteller_ext_is_infinite&quot;:&quot;false&quot;,&quot;hoteller_ext_is_fadeout_animation&quot;:&quot;false&quot;}\">\n\t\t\t<div class=\"elementor-widget-wrap elementor-element-populated\">\n\t\t\t\t\t\t\t\t<div class=\"elementor-element elementor-element-9df2601 elementor-invisible elementor-widget elementor-widget-heading\" data-id=\"9df2601\" data-element_type=\"widget\" data-settings=\"{&quot;_animation&quot;:&quot;fadeInUp&quot;,&quot;hoteller_ext_is_scrollme&quot;:&quot;false&quot;,&quot;hoteller_ext_is_smoove&quot;:&quot;false&quot;,&quot;hoteller_ext_is_parallax_mouse&quot;:&quot;false&quot;,&quot;hoteller_ext_is_infinite&quot;:&quot;false&quot;,&quot;hoteller_ext_is_fadeout_animation&quot;:&quot;false&quot;}\" data-widget_type=\"heading.default\">\n\t\t\t\t<div class=\"elementor-widget-container\">\n\t\t\t<h2 class=\"elementor-heading-title elementor-size-default\">Jardim<\/h2>\t\t<\/div>\n\t\t\t\t<\/div>\n\t\t\t\t<div class=\"elementor-element elementor-element-82b5129 elementor-invisible elementor-widget elementor-widget-text-editor\" data-id=\"82b5129\" data-element_type=\"widget\" data-settings=\"{&quot;_animation&quot;:&quot;fadeInUp&quot;,&quot;_animation_delay&quot;:200,&quot;hoteller_ext_is_scrollme&quot;:&quot;false&quot;,&quot;hoteller_ext_is_smoove&quot;:&quot;false&quot;,&quot;hoteller_ext_is_parallax_mouse&quot;:&quot;false&quot;,&quot;hoteller_ext_is_infinite&quot;:&quot;false&quot;,&quot;hoteller_ext_is_fadeout_animation&quot;:&quot;false&quot;}\" data-widget_type=\"text-editor.default\">\n\t\t\t\t<div class=\"elementor-widget-container\">\n\t\t\t\t\t\t\tO jardim \u00e9 magn\u00edfico, com \u00e1rvores seculares e 230 plantas, das quais destacamos as mais raras: a Yucca Aloifolia marginata, as cam\u00e9lias seculares, a Alo\u00e9 Africana, a Palmeira-das-can\u00e1rias, a madrona e a \u00e1rvore da abund\u00e2ncia.\t\t\t\t\t\t<\/div>\n\t\t\t\t<\/div>\n\t\t\t\t\t<\/div>\n\t\t<\/div>\n\t\t\t\t\t\t\t<\/div>\n\t\t<\/section>\n\t\t\t\t<section class=\"elementor-section elementor-top-section elementor-element elementor-element-259312d elementor-section-stretched elementor-section-boxed elementor-section-height-default elementor-section-height-default\" data-id=\"259312d\" data-element_type=\"section\" data-settings=\"{&quot;stretch_section&quot;:&quot;section-stretched&quot;,&quot;hoteller_ext_is_background_parallax&quot;:&quot;false&quot;,&quot;hoteller_ext_is_background_on_scroll&quot;:&quot;false&quot;}\">\n\t\t\t\t\t\t<div class=\"elementor-container elementor-column-gap-default\">\n\t\t\t\t\t<div class=\"elementor-column elementor-col-100 elementor-top-column elementor-element elementor-element-81e18a9\" data-id=\"81e18a9\" data-element_type=\"column\" data-settings=\"{&quot;hoteller_ext_is_scrollme&quot;:&quot;false&quot;,&quot;hoteller_ext_is_smoove&quot;:&quot;false&quot;,&quot;hoteller_ext_is_parallax_mouse&quot;:&quot;false&quot;,&quot;hoteller_ext_is_infinite&quot;:&quot;false&quot;,&quot;hoteller_ext_is_fadeout_animation&quot;:&quot;false&quot;}\">\n\t\t\t<div class=\"elementor-widget-wrap elementor-element-populated\">\n\t\t\t\t\t\t\t\t<div class=\"elementor-element elementor-element-a846581 animated-slow elementor-invisible elementor-widget elementor-widget-hoteller-slider-parallax\" data-id=\"a846581\" data-element_type=\"widget\" data-settings=\"{&quot;_animation&quot;:&quot;fadeIn&quot;,&quot;hoteller_ext_is_scrollme&quot;:&quot;false&quot;,&quot;hoteller_ext_is_smoove&quot;:&quot;false&quot;,&quot;hoteller_ext_is_parallax_mouse&quot;:&quot;false&quot;,&quot;hoteller_ext_is_infinite&quot;:&quot;false&quot;,&quot;hoteller_ext_is_fadeout_animation&quot;:&quot;false&quot;}\" data-widget_type=\"hoteller-slider-parallax.default\">\n\t\t\t\t<div class=\"elementor-widget-container\">\n\t\t\t<div class=\"slider_parallax_wrapper\" data-autoplay=\"6000\" data-pagination=\"1\" data-navigation=\"0\">\n\t<div class=\"slider_parallax_inner\">\n\t\t<div class=\"slider_parallax_slides\">\n\t\t\t\t\t\t<div class=\"slide is-active \">\n\t\t          \t<div class=\"slide-content\">\n\t\t            \t<div class=\"caption\">\n\t\t\t\t\t\t\t<div class=\"title\"><h2>Um maravilhoso jardim antigo que oferece frescura e sil\u00eancio aos h\u00f3spedes.<\/h2><\/div>\n\t\t\t\t\t\t\t<div class=\"text\">\n\t\t                \t\t\t\t              \t\t<\/div> \n\t\t\t                \t\t            \t<\/div>\n\t\t          \t<\/div>\n\t\t\t\t  \t<div class=\"image-container\"> \n\t\t            \t<img decoding=\"async\" src=\"https:\/\/www.hoteltramontano.eu\/fr\/wp-content\/uploads\/2021\/11\/foto_hotel_imperial_tramontano_pagina_giardino_slide_gallery_1.jpg\" alt=\"\" class=\"image\" \/>\n\t\t          \t<\/div>\n\t\t        <\/div>\n\t\t\t\t\t\t<div class=\"slide  \">\n\t\t          \t<div class=\"slide-content\">\n\t\t            \t<div class=\"caption\">\n\t\t\t\t\t\t\t<div class=\"title\"><h2><\/h2><\/div>\n\t\t\t\t\t\t\t<div class=\"text\">\n\t\t                \t\t\t\t              \t\t<\/div> \n\t\t\t                \t\t            \t<\/div>\n\t\t          \t<\/div>\n\t\t\t\t  \t<div class=\"image-container\"> \n\t\t            \t<img decoding=\"async\" src=\"https:\/\/www.hoteltramontano.eu\/fr\/wp-content\/uploads\/2021\/11\/foto_hotel_imperial_tramontano_pagina_giardino_slide_gallery_2.jpg\" alt=\"\" class=\"image\" \/>\n\t\t          \t<\/div>\n\t\t        <\/div>\n\t\t\t\t\t\t<div class=\"slide  \">\n\t\t          \t<div class=\"slide-content\">\n\t\t            \t<div class=\"caption\">\n\t\t\t\t\t\t\t<div class=\"title\"><h2><\/h2><\/div>\n\t\t\t\t\t\t\t<div class=\"text\">\n\t\t                \t\t\t\t              \t\t<\/div> \n\t\t\t                \t\t            \t<\/div>\n\t\t          \t<\/div>\n\t\t\t\t  \t<div class=\"image-container\"> \n\t\t            \t<img decoding=\"async\" src=\"https:\/\/www.hoteltramontano.eu\/fr\/wp-content\/uploads\/2021\/11\/foto_hotel_imperial_tramontano_pagina_giardino_slide_gallery_3.jpg\" alt=\"\" class=\"image\" \/>\n\t\t          \t<\/div>\n\t\t        <\/div>\n\t\t\t\t<\/div>\n\t\t\t\t<div class=\"pagination\">\n\t\t\t\t\t        <div class=\"item is-active\"> \n\t\t          <span class=\"icon\">1<\/span>\n\t\t        <\/div>\n\t        \t\t        <div class=\"item \"> \n\t\t          <span class=\"icon\">2<\/span>\n\t\t        <\/div>\n\t        \t\t        <div class=\"item \"> \n\t\t          <span class=\"icon\">3<\/span>\n\t\t        <\/div>\n\t        \t    <\/div>\n\t    \t    \t<\/div>\n<\/div>\n\t\t<\/div>\n\t\t\t\t<\/div>\n\t\t\t\t\t<\/div>\n\t\t<\/div>\n\t\t\t\t\t\t\t<\/div>\n\t\t<\/section>\n\t\t\t\t\t\t<\/div>\n\t\t\t\t\t<\/div>\n\t\t","protected":false},"excerpt":{"rendered":"<p>Jardim Jardim O jardim \u00e9 magn\u00edfico, com \u00e1rvores seculares e 230 plantas, das quais destacamos as mais raras: a Yucca Aloifolia marginata, as cam\u00e9lias seculares, a Alo\u00e9 Africana, a Palmeira-das-can\u00e1rias, a madrona e a \u00e1rvore da abund\u00e2ncia. Um maravilhoso jardim [&hellip;]<\/p>\n","protected":false},"author":1,"featured_media":1058,"parent":0,"menu_order":0,"comment_status":"closed","ping_status":"closed","template":"","meta":{"footnotes":""},"class_list":["post-5699","page","type-page","status-publish","has-post-thumbnail","hentry"],"yoast_head":"<!-- This site is optimized with the Yoast SEO plugin v25.0 - https:\/\/yoast.com\/wordpress\/plugins\/seo\/ -->\n<title>4 Star Hotel Sorrento - Garden | Imperial Hotel Tramontano<\/title>\n<meta name=\"description\" content=\"4 Star Sorrento Hotel - Garden | Imperial Hotel Tramontano. O jardim \u00e9 bonito, com \u00e1rvores centen\u00e1rias e 230 tipos de plantas.\" \/>\n<meta name=\"robots\" content=\"index, follow, max-snippet:-1, max-image-preview:large, max-video-preview:-1\" \/>\n<link rel=\"canonical\" href=\"https:\/\/www.hoteltramontano.eu\/fr\/hotel-jardim\/\" \/>\n<meta property=\"og:locale\" content=\"it_IT\" \/>\n<meta property=\"og:type\" content=\"article\" \/>\n<meta property=\"og:title\" content=\"4 Star Hotel Sorrento - Garden | Imperial Hotel Tramontano\" \/>\n<meta property=\"og:description\" content=\"4 Star Sorrento Hotel - Garden | Imperial Hotel Tramontano. O jardim \u00e9 bonito, com \u00e1rvores centen\u00e1rias e 230 tipos de plantas.\" \/>\n<meta property=\"og:url\" content=\"https:\/\/www.hoteltramontano.eu\/fr\/hotel-jardim\/\" \/>\n<meta property=\"og:site_name\" content=\"Imperial Hotel Tramontano\" \/>\n<meta property=\"article:modified_time\" content=\"2022-01-21T16:04:15+00:00\" \/>\n<meta property=\"og:image\" content=\"https:\/\/www.hoteltramontano.eu\/fr\/wp-content\/uploads\/2021\/04\/foto_hotel_imperial_tramontano_giardino_vista_esterni.jpg\" \/>\n\t<meta property=\"og:image:width\" content=\"1248\" \/>\n\t<meta property=\"og:image:height\" content=\"837\" \/>\n\t<meta property=\"og:image:type\" content=\"image\/jpeg\" \/>\n<meta name=\"twitter:card\" content=\"summary_large_image\" \/>\n<script type=\"application\/ld+json\" class=\"yoast-schema-graph\">{\"@context\":\"https:\/\/schema.org\",\"@graph\":[{\"@type\":\"WebPage\",\"@id\":\"https:\/\/www.hoteltramontano.eu\/fr\/hotel-jardim\/\",\"url\":\"https:\/\/www.hoteltramontano.eu\/fr\/hotel-jardim\/\",\"name\":\"4 Star Hotel Sorrento - Garden | Imperial Hotel Tramontano\",\"isPartOf\":{\"@id\":\"https:\/\/www.hoteltramontano.eu\/fr\/#website\"},\"primaryImageOfPage\":{\"@id\":\"https:\/\/www.hoteltramontano.eu\/fr\/hotel-jardim\/#primaryimage\"},\"image\":{\"@id\":\"https:\/\/www.hoteltramontano.eu\/fr\/hotel-jardim\/#primaryimage\"},\"thumbnailUrl\":\"https:\/\/www.hoteltramontano.eu\/fr\/wp-content\/uploads\/2021\/04\/foto_hotel_imperial_tramontano_giardino_vista_esterni.jpg\",\"datePublished\":\"2021-10-11T10:48:01+00:00\",\"dateModified\":\"2022-01-21T16:04:15+00:00\",\"description\":\"4 Star Sorrento Hotel - Garden | Imperial Hotel Tramontano. O jardim \u00e9 bonito, com \u00e1rvores centen\u00e1rias e 230 tipos de plantas.\",\"breadcrumb\":{\"@id\":\"https:\/\/www.hoteltramontano.eu\/fr\/hotel-jardim\/#breadcrumb\"},\"inLanguage\":\"it-IT\",\"potentialAction\":[{\"@type\":\"ReadAction\",\"target\":[\"https:\/\/www.hoteltramontano.eu\/fr\/hotel-jardim\/\"]}]},{\"@type\":\"ImageObject\",\"inLanguage\":\"it-IT\",\"@id\":\"https:\/\/www.hoteltramontano.eu\/fr\/hotel-jardim\/#primaryimage\",\"url\":\"https:\/\/www.hoteltramontano.eu\/fr\/wp-content\/uploads\/2021\/04\/foto_hotel_imperial_tramontano_giardino_vista_esterni.jpg\",\"contentUrl\":\"https:\/\/www.hoteltramontano.eu\/fr\/wp-content\/uploads\/2021\/04\/foto_hotel_imperial_tramontano_giardino_vista_esterni.jpg\",\"width\":1248,\"height\":837},{\"@type\":\"BreadcrumbList\",\"@id\":\"https:\/\/www.hoteltramontano.eu\/fr\/hotel-jardim\/#breadcrumb\",\"itemListElement\":[{\"@type\":\"ListItem\",\"position\":1,\"name\":\"Home\",\"item\":\"https:\/\/www.hoteltramontano.eu\/fr\/\"},{\"@type\":\"ListItem\",\"position\":2,\"name\":\"Hotel Jardim\"}]},{\"@type\":\"WebSite\",\"@id\":\"https:\/\/www.hoteltramontano.eu\/fr\/#website\",\"url\":\"https:\/\/www.hoteltramontano.eu\/fr\/\",\"name\":\"Imperial Hotel Tramontano\",\"description\":\"Hotel a Sorrento\",\"potentialAction\":[{\"@type\":\"SearchAction\",\"target\":{\"@type\":\"EntryPoint\",\"urlTemplate\":\"https:\/\/www.hoteltramontano.eu\/fr\/?s={search_term_string}\"},\"query-input\":{\"@type\":\"PropertyValueSpecification\",\"valueRequired\":true,\"valueName\":\"search_term_string\"}}],\"inLanguage\":\"it-IT\"}]}<\/script>\n<!-- \/ Yoast SEO plugin. -->","yoast_head_json":{"title":"4 Star Hotel Sorrento - Garden | Imperial Hotel Tramontano","description":"4 Star Sorrento Hotel - Garden | Imperial Hotel Tramontano. O jardim \u00e9 bonito, com \u00e1rvores centen\u00e1rias e 230 tipos de plantas.","robots":{"index":"index","follow":"follow","max-snippet":"max-snippet:-1","max-image-preview":"max-image-preview:large","max-video-preview":"max-video-preview:-1"},"canonical":"https:\/\/www.hoteltramontano.eu\/fr\/hotel-jardim\/","og_locale":"it_IT","og_type":"article","og_title":"4 Star Hotel Sorrento - Garden | Imperial Hotel Tramontano","og_description":"4 Star Sorrento Hotel - Garden | Imperial Hotel Tramontano. O jardim \u00e9 bonito, com \u00e1rvores centen\u00e1rias e 230 tipos de plantas.","og_url":"https:\/\/www.hoteltramontano.eu\/fr\/hotel-jardim\/","og_site_name":"Imperial Hotel Tramontano","article_modified_time":"2022-01-21T16:04:15+00:00","og_image":[{"width":1248,"height":837,"url":"https:\/\/www.hoteltramontano.eu\/fr\/wp-content\/uploads\/2021\/04\/foto_hotel_imperial_tramontano_giardino_vista_esterni.jpg","type":"image\/jpeg"}],"twitter_card":"summary_large_image","schema":{"@context":"https:\/\/schema.org","@graph":[{"@type":"WebPage","@id":"https:\/\/www.hoteltramontano.eu\/fr\/hotel-jardim\/","url":"https:\/\/www.hoteltramontano.eu\/fr\/hotel-jardim\/","name":"4 Star Hotel Sorrento - Garden | Imperial Hotel Tramontano","isPartOf":{"@id":"https:\/\/www.hoteltramontano.eu\/fr\/#website"},"primaryImageOfPage":{"@id":"https:\/\/www.hoteltramontano.eu\/fr\/hotel-jardim\/#primaryimage"},"image":{"@id":"https:\/\/www.hoteltramontano.eu\/fr\/hotel-jardim\/#primaryimage"},"thumbnailUrl":"https:\/\/www.hoteltramontano.eu\/fr\/wp-content\/uploads\/2021\/04\/foto_hotel_imperial_tramontano_giardino_vista_esterni.jpg","datePublished":"2021-10-11T10:48:01+00:00","dateModified":"2022-01-21T16:04:15+00:00","description":"4 Star Sorrento Hotel - Garden | Imperial Hotel Tramontano. O jardim \u00e9 bonito, com \u00e1rvores centen\u00e1rias e 230 tipos de plantas.","breadcrumb":{"@id":"https:\/\/www.hoteltramontano.eu\/fr\/hotel-jardim\/#breadcrumb"},"inLanguage":"it-IT","potentialAction":[{"@type":"ReadAction","target":["https:\/\/www.hoteltramontano.eu\/fr\/hotel-jardim\/"]}]},{"@type":"ImageObject","inLanguage":"it-IT","@id":"https:\/\/www.hoteltramontano.eu\/fr\/hotel-jardim\/#primaryimage","url":"https:\/\/www.hoteltramontano.eu\/fr\/wp-content\/uploads\/2021\/04\/foto_hotel_imperial_tramontano_giardino_vista_esterni.jpg","contentUrl":"https:\/\/www.hoteltramontano.eu\/fr\/wp-content\/uploads\/2021\/04\/foto_hotel_imperial_tramontano_giardino_vista_esterni.jpg","width":1248,"height":837},{"@type":"BreadcrumbList","@id":"https:\/\/www.hoteltramontano.eu\/fr\/hotel-jardim\/#breadcrumb","itemListElement":[{"@type":"ListItem","position":1,"name":"Home","item":"https:\/\/www.hoteltramontano.eu\/fr\/"},{"@type":"ListItem","position":2,"name":"Hotel Jardim"}]},{"@type":"WebSite","@id":"https:\/\/www.hoteltramontano.eu\/fr\/#website","url":"https:\/\/www.hoteltramontano.eu\/fr\/","name":"Imperial Hotel Tramontano","description":"Hotel a Sorrento","potentialAction":[{"@type":"SearchAction","target":{"@type":"EntryPoint","urlTemplate":"https:\/\/www.hoteltramontano.eu\/fr\/?s={search_term_string}"},"query-input":{"@type":"PropertyValueSpecification","valueRequired":true,"valueName":"search_term_string"}}],"inLanguage":"it-IT"}]}},"_links":{"self":[{"href":"https:\/\/www.hoteltramontano.eu\/fr\/wp-json\/wp\/v2\/pages\/5699","targetHints":{"allow":["GET"]}}],"collection":[{"href":"https:\/\/www.hoteltramontano.eu\/fr\/wp-json\/wp\/v2\/pages"}],"about":[{"href":"https:\/\/www.hoteltramontano.eu\/fr\/wp-json\/wp\/v2\/types\/page"}],"author":[{"embeddable":true,"href":"https:\/\/www.hoteltramontano.eu\/fr\/wp-json\/wp\/v2\/users\/1"}],"replies":[{"embeddable":true,"href":"https:\/\/www.hoteltramontano.eu\/fr\/wp-json\/wp\/v2\/comments?post=5699"}],"version-history":[{"count":13,"href":"https:\/\/www.hoteltramontano.eu\/fr\/wp-json\/wp\/v2\/pages\/5699\/revisions"}],"predecessor-version":[{"id":7016,"href":"https:\/\/www.hoteltramontano.eu\/fr\/wp-json\/wp\/v2\/pages\/5699\/revisions\/7016"}],"wp:featuredmedia":[{"embeddable":true,"href":"https:\/\/www.hoteltramontano.eu\/fr\/wp-json\/wp\/v2\/media\/1058"}],"wp:attachment":[{"href":"https:\/\/www.hoteltramontano.eu\/fr\/wp-json\/wp\/v2\/media?parent=5699"}],"curies":[{"name":"wp","href":"https:\/\/api.w.org\/{rel}","templated":true}]}}