{"id":5693,"date":"2021-10-11T12:40:45","date_gmt":"2021-10-11T10:40:45","guid":{"rendered":"http:\/\/demo.hoteltramontano.com\/demo8\/?page_id=5693"},"modified":"2022-01-20T16:07:49","modified_gmt":"2022-01-20T15:07:49","slug":"hotel-jardin-es","status":"publish","type":"page","link":"https:\/\/www.hoteltramontano.eu\/es\/hotel-jardin-es\/","title":{"rendered":"Hotel Jard\u00edn"},"content":{"rendered":"\t\t<div data-elementor-type=\"wp-page\" data-elementor-id=\"5693\" class=\"elementor elementor-5693\" data-elementor-settings=\"[]\">\n\t\t\t\t\t\t\t<div class=\"elementor-section-wrap\">\n\t\t\t\t\t\t\t<section class=\"elementor-section elementor-top-section elementor-element elementor-element-bf3eea0 elementor-section-full_width elementor-section-content-top elementor-section-stretched elementor-section-height-default elementor-section-height-default\" data-id=\"bf3eea0\" data-element_type=\"section\" data-settings=\"{&quot;stretch_section&quot;:&quot;section-stretched&quot;,&quot;hoteller_ext_is_background_parallax&quot;:&quot;false&quot;,&quot;hoteller_ext_is_background_on_scroll&quot;:&quot;false&quot;}\">\n\t\t\t\t\t\t<div class=\"elementor-container elementor-column-gap-default\">\n\t\t\t\t\t<div class=\"elementor-column elementor-col-100 elementor-top-column elementor-element elementor-element-47de9b1\" data-id=\"47de9b1\" data-element_type=\"column\" data-settings=\"{&quot;hoteller_ext_is_scrollme&quot;:&quot;false&quot;,&quot;hoteller_ext_is_smoove&quot;:&quot;false&quot;,&quot;hoteller_ext_is_parallax_mouse&quot;:&quot;false&quot;,&quot;hoteller_ext_is_infinite&quot;:&quot;false&quot;,&quot;hoteller_ext_is_fadeout_animation&quot;:&quot;false&quot;}\">\n\t\t\t<div class=\"elementor-widget-wrap elementor-element-populated\">\n\t\t\t\t\t\t\t\t<div class=\"elementor-element elementor-element-564a451 titolo-slide-pagina elementor-widget elementor-widget-hoteller-slider-parallax\" data-id=\"564a451\" data-element_type=\"widget\" data-settings=\"{&quot;hoteller_ext_is_scrollme&quot;:&quot;false&quot;,&quot;hoteller_ext_is_smoove&quot;:&quot;false&quot;,&quot;hoteller_ext_is_parallax_mouse&quot;:&quot;false&quot;,&quot;hoteller_ext_is_infinite&quot;:&quot;false&quot;,&quot;hoteller_ext_is_fadeout_animation&quot;:&quot;false&quot;}\" data-widget_type=\"hoteller-slider-parallax.default\">\n\t\t\t\t<div class=\"elementor-widget-container\">\n\t\t\t<div class=\"slider_parallax_wrapper\" data-autoplay=\"0\" data-pagination=\"0\" data-navigation=\"0\">\n\t<div class=\"slider_parallax_inner\">\n\t\t<div class=\"slider_parallax_slides\">\n\t\t\t\t\t\t<div class=\"slide is-active \">\n\t\t          \t<div class=\"slide-content\">\n\t\t            \t<div class=\"caption\">\n\t\t\t\t\t\t\t<div class=\"title\"><h2>El jard\u00edn<\/h2><\/div>\n\t\t\t\t\t\t\t<div class=\"text\">\n\t\t                \t\t\t\t              \t\t<\/div> \n\t\t\t                \t\t            \t<\/div>\n\t\t          \t<\/div>\n\t\t\t\t  \t<div class=\"image-container\"> \n\t\t            \t<img decoding=\"async\" src=\"https:\/\/www.hoteltramontano.eu\/es\/wp-content\/uploads\/2021\/11\/Hotel_Imperial_Tramontano_a_sorrento_hotel_a_sorrento_foto_slide_pagina_giardino_1.jpg\" alt=\"\" class=\"image\" \/>\n\t\t          \t<\/div>\n\t\t        <\/div>\n\t\t\t\t<\/div>\n\t\t\t    \t<\/div>\n<\/div>\n\t\t<\/div>\n\t\t\t\t<\/div>\n\t\t\t\t\t<\/div>\n\t\t<\/div>\n\t\t\t\t\t\t\t<\/div>\n\t\t<\/section>\n\t\t\t\t<section class=\"elementor-section elementor-top-section elementor-element elementor-element-1da0afb elementor-section-boxed elementor-section-height-default elementor-section-height-default\" data-id=\"1da0afb\" data-element_type=\"section\" data-settings=\"{&quot;hoteller_ext_is_background_parallax&quot;:&quot;false&quot;,&quot;hoteller_ext_is_background_on_scroll&quot;:&quot;false&quot;}\">\n\t\t\t\t\t\t<div class=\"elementor-container elementor-column-gap-default\">\n\t\t\t\t\t<div class=\"elementor-column elementor-col-50 elementor-top-column elementor-element elementor-element-c6cc490\" data-id=\"c6cc490\" data-element_type=\"column\" data-settings=\"{&quot;hoteller_ext_is_scrollme&quot;:&quot;false&quot;,&quot;hoteller_ext_is_smoove&quot;:&quot;false&quot;,&quot;hoteller_ext_is_parallax_mouse&quot;:&quot;false&quot;,&quot;hoteller_ext_is_infinite&quot;:&quot;false&quot;,&quot;hoteller_ext_is_fadeout_animation&quot;:&quot;false&quot;}\">\n\t\t\t<div class=\"elementor-widget-wrap elementor-element-populated\">\n\t\t\t\t\t\t\t\t<div class=\"elementor-element elementor-element-49730d0 elementor-widget elementor-widget-image\" data-id=\"49730d0\" data-element_type=\"widget\" data-settings=\"{&quot;hoteller_image_is_animation&quot;:&quot;false&quot;,&quot;hoteller_ext_is_scrollme&quot;:&quot;false&quot;,&quot;hoteller_ext_is_smoove&quot;:&quot;false&quot;,&quot;hoteller_ext_is_parallax_mouse&quot;:&quot;false&quot;,&quot;hoteller_ext_is_infinite&quot;:&quot;false&quot;,&quot;hoteller_ext_is_fadeout_animation&quot;:&quot;false&quot;}\" data-widget_type=\"image.default\">\n\t\t\t\t<div class=\"elementor-widget-container\">\n\t\t\t\t\t\t\t\t\t\t\t\t\t\t\t<img loading=\"lazy\" decoding=\"async\" width=\"533\" height=\"800\" src=\"https:\/\/www.hoteltramontano.eu\/es\/wp-content\/uploads\/2021\/11\/foto_hotel_imperial_tramontano_pagina_giardino_immagine_blocco_1.jpg\" class=\"attachment-full size-full\" alt=\"\" \/>\t\t\t\t\t\t\t\t\t\t\t\t\t\t\t<\/div>\n\t\t\t\t<\/div>\n\t\t\t\t\t<\/div>\n\t\t<\/div>\n\t\t\t\t<div class=\"elementor-column elementor-col-50 elementor-top-column elementor-element elementor-element-fa6956f\" data-id=\"fa6956f\" data-element_type=\"column\" data-settings=\"{&quot;hoteller_ext_is_scrollme&quot;:&quot;false&quot;,&quot;hoteller_ext_is_smoove&quot;:&quot;false&quot;,&quot;hoteller_ext_is_parallax_mouse&quot;:&quot;false&quot;,&quot;hoteller_ext_is_infinite&quot;:&quot;false&quot;,&quot;hoteller_ext_is_fadeout_animation&quot;:&quot;false&quot;}\">\n\t\t\t<div class=\"elementor-widget-wrap elementor-element-populated\">\n\t\t\t\t\t\t\t\t<div class=\"elementor-element elementor-element-9df2601 elementor-invisible elementor-widget elementor-widget-heading\" data-id=\"9df2601\" data-element_type=\"widget\" data-settings=\"{&quot;_animation&quot;:&quot;fadeInUp&quot;,&quot;hoteller_ext_is_scrollme&quot;:&quot;false&quot;,&quot;hoteller_ext_is_smoove&quot;:&quot;false&quot;,&quot;hoteller_ext_is_parallax_mouse&quot;:&quot;false&quot;,&quot;hoteller_ext_is_infinite&quot;:&quot;false&quot;,&quot;hoteller_ext_is_fadeout_animation&quot;:&quot;false&quot;}\" data-widget_type=\"heading.default\">\n\t\t\t\t<div class=\"elementor-widget-container\">\n\t\t\t<h2 class=\"elementor-heading-title elementor-size-default\">El jard\u00edn<\/h2>\t\t<\/div>\n\t\t\t\t<\/div>\n\t\t\t\t<div class=\"elementor-element elementor-element-82b5129 elementor-invisible elementor-widget elementor-widget-text-editor\" data-id=\"82b5129\" data-element_type=\"widget\" data-settings=\"{&quot;_animation&quot;:&quot;fadeInUp&quot;,&quot;_animation_delay&quot;:200,&quot;hoteller_ext_is_scrollme&quot;:&quot;false&quot;,&quot;hoteller_ext_is_smoove&quot;:&quot;false&quot;,&quot;hoteller_ext_is_parallax_mouse&quot;:&quot;false&quot;,&quot;hoteller_ext_is_infinite&quot;:&quot;false&quot;,&quot;hoteller_ext_is_fadeout_animation&quot;:&quot;false&quot;}\" data-widget_type=\"text-editor.default\">\n\t\t\t\t<div class=\"elementor-widget-container\">\n\t\t\t\t\t\t\tEl jard\u00edn es estupendo, con \u00e1rboles centenarios, 230 plantas, entre las que recordamos las m\u00e1s raras, la yuca Alaifolia marginata, las camelias centenarias, el aloe africano, la Phoenix Canariensis, el Arbutus menziesii y el \u00e1rbol de la abundancia.\t\t\t\t\t\t<\/div>\n\t\t\t\t<\/div>\n\t\t\t\t\t<\/div>\n\t\t<\/div>\n\t\t\t\t\t\t\t<\/div>\n\t\t<\/section>\n\t\t\t\t<section class=\"elementor-section elementor-top-section elementor-element elementor-element-4aae5f8 elementor-section-stretched elementor-section-boxed elementor-section-height-default elementor-section-height-default\" data-id=\"4aae5f8\" data-element_type=\"section\" data-settings=\"{&quot;stretch_section&quot;:&quot;section-stretched&quot;,&quot;hoteller_ext_is_background_parallax&quot;:&quot;false&quot;,&quot;hoteller_ext_is_background_on_scroll&quot;:&quot;false&quot;}\">\n\t\t\t\t\t\t<div class=\"elementor-container elementor-column-gap-default\">\n\t\t\t\t\t<div class=\"elementor-column elementor-col-100 elementor-top-column elementor-element elementor-element-91f6e03\" data-id=\"91f6e03\" data-element_type=\"column\" data-settings=\"{&quot;hoteller_ext_is_scrollme&quot;:&quot;false&quot;,&quot;hoteller_ext_is_smoove&quot;:&quot;false&quot;,&quot;hoteller_ext_is_parallax_mouse&quot;:&quot;false&quot;,&quot;hoteller_ext_is_infinite&quot;:&quot;false&quot;,&quot;hoteller_ext_is_fadeout_animation&quot;:&quot;false&quot;}\">\n\t\t\t<div class=\"elementor-widget-wrap elementor-element-populated\">\n\t\t\t\t\t\t\t\t<div class=\"elementor-element elementor-element-9c0b6c8 animated-slow elementor-invisible elementor-widget elementor-widget-hoteller-slider-parallax\" data-id=\"9c0b6c8\" data-element_type=\"widget\" data-settings=\"{&quot;_animation&quot;:&quot;fadeIn&quot;,&quot;hoteller_ext_is_scrollme&quot;:&quot;false&quot;,&quot;hoteller_ext_is_smoove&quot;:&quot;false&quot;,&quot;hoteller_ext_is_parallax_mouse&quot;:&quot;false&quot;,&quot;hoteller_ext_is_infinite&quot;:&quot;false&quot;,&quot;hoteller_ext_is_fadeout_animation&quot;:&quot;false&quot;}\" data-widget_type=\"hoteller-slider-parallax.default\">\n\t\t\t\t<div class=\"elementor-widget-container\">\n\t\t\t<div class=\"slider_parallax_wrapper\" data-autoplay=\"6000\" data-pagination=\"1\" data-navigation=\"0\">\n\t<div class=\"slider_parallax_inner\">\n\t\t<div class=\"slider_parallax_slides\">\n\t\t\t\t\t\t<div class=\"slide is-active \">\n\t\t          \t<div class=\"slide-content\">\n\t\t            \t<div class=\"caption\">\n\t\t\t\t\t\t\t<div class=\"title\"><h2>Un bonito jard\u00edn antiguo brinda frescor y silencio a los invitados.<\/h2><\/div>\n\t\t\t\t\t\t\t<div class=\"text\">\n\t\t                \t\t\t\t              \t\t<\/div> \n\t\t\t                \t\t            \t<\/div>\n\t\t          \t<\/div>\n\t\t\t\t  \t<div class=\"image-container\"> \n\t\t            \t<img decoding=\"async\" src=\"https:\/\/www.hoteltramontano.eu\/es\/wp-content\/uploads\/2021\/11\/foto_hotel_imperial_tramontano_pagina_giardino_slide_gallery_1.jpg\" alt=\"\" class=\"image\" \/>\n\t\t          \t<\/div>\n\t\t        <\/div>\n\t\t\t\t\t\t<div class=\"slide  \">\n\t\t          \t<div class=\"slide-content\">\n\t\t            \t<div class=\"caption\">\n\t\t\t\t\t\t\t<div class=\"title\"><h2><\/h2><\/div>\n\t\t\t\t\t\t\t<div class=\"text\">\n\t\t                \t\t\t\t              \t\t<\/div> \n\t\t\t                \t\t            \t<\/div>\n\t\t          \t<\/div>\n\t\t\t\t  \t<div class=\"image-container\"> \n\t\t            \t<img decoding=\"async\" src=\"https:\/\/www.hoteltramontano.eu\/es\/wp-content\/uploads\/2021\/11\/foto_hotel_imperial_tramontano_pagina_giardino_slide_gallery_2.jpg\" alt=\"\" class=\"image\" \/>\n\t\t          \t<\/div>\n\t\t        <\/div>\n\t\t\t\t\t\t<div class=\"slide  \">\n\t\t          \t<div class=\"slide-content\">\n\t\t            \t<div class=\"caption\">\n\t\t\t\t\t\t\t<div class=\"title\"><h2><\/h2><\/div>\n\t\t\t\t\t\t\t<div class=\"text\">\n\t\t                \t\t\t\t              \t\t<\/div> \n\t\t\t                \t\t            \t<\/div>\n\t\t          \t<\/div>\n\t\t\t\t  \t<div class=\"image-container\"> \n\t\t            \t<img decoding=\"async\" src=\"https:\/\/www.hoteltramontano.eu\/es\/wp-content\/uploads\/2021\/11\/foto_hotel_imperial_tramontano_pagina_giardino_slide_gallery_3.jpg\" alt=\"\" class=\"image\" \/>\n\t\t          \t<\/div>\n\t\t        <\/div>\n\t\t\t\t<\/div>\n\t\t\t\t<div class=\"pagination\">\n\t\t\t\t\t        <div class=\"item is-active\"> \n\t\t          <span class=\"icon\">1<\/span>\n\t\t        <\/div>\n\t        \t\t        <div class=\"item \"> \n\t\t          <span class=\"icon\">2<\/span>\n\t\t        <\/div>\n\t        \t\t        <div class=\"item \"> \n\t\t          <span class=\"icon\">3<\/span>\n\t\t        <\/div>\n\t        \t    <\/div>\n\t    \t    \t<\/div>\n<\/div>\n\t\t<\/div>\n\t\t\t\t<\/div>\n\t\t\t\t\t<\/div>\n\t\t<\/div>\n\t\t\t\t\t\t\t<\/div>\n\t\t<\/section>\n\t\t\t\t\t\t<\/div>\n\t\t\t\t\t<\/div>\n\t\t","protected":false},"excerpt":{"rendered":"<p>El jard\u00edn El jard\u00edn El jard\u00edn es estupendo, con \u00e1rboles centenarios, 230 plantas, entre las que recordamos las m\u00e1s raras, la yuca Alaifolia marginata, las camelias centenarias, el aloe africano, la Phoenix Canariensis, el Arbutus menziesii y el \u00e1rbol de [&hellip;]<\/p>\n","protected":false},"author":1,"featured_media":1058,"parent":0,"menu_order":0,"comment_status":"closed","ping_status":"closed","template":"","meta":{"footnotes":""},"class_list":["post-5693","page","type-page","status-publish","has-post-thumbnail","hentry"],"yoast_head":"<!-- This site is optimized with the Yoast SEO plugin v25.0 - https:\/\/yoast.com\/wordpress\/plugins\/seo\/ -->\n<title>Hotel 4 estrellas Sorrento - Garden | Imperial Hotel Tramontano<\/title>\n<meta name=\"description\" content=\"Hotel de 4 estrellas en Sorrento - Garden | Imperial Hotel Tramontano. El jard\u00edn es precioso, con \u00e1rboles centenarios y 230 tipos de plantas.\" \/>\n<meta name=\"robots\" content=\"index, follow, max-snippet:-1, max-image-preview:large, max-video-preview:-1\" \/>\n<link rel=\"canonical\" href=\"https:\/\/www.hoteltramontano.eu\/es\/hotel-jardin-es\/\" \/>\n<meta property=\"og:locale\" content=\"it_IT\" \/>\n<meta property=\"og:type\" content=\"article\" \/>\n<meta property=\"og:title\" content=\"Hotel 4 estrellas Sorrento - Garden | Imperial Hotel Tramontano\" \/>\n<meta property=\"og:description\" content=\"Hotel de 4 estrellas en Sorrento - Garden | Imperial Hotel Tramontano. El jard\u00edn es precioso, con \u00e1rboles centenarios y 230 tipos de plantas.\" \/>\n<meta property=\"og:url\" content=\"https:\/\/www.hoteltramontano.eu\/es\/hotel-jardin-es\/\" \/>\n<meta property=\"og:site_name\" content=\"Imperial Hotel Tramontano\" \/>\n<meta property=\"article:modified_time\" content=\"2022-01-20T15:07:49+00:00\" \/>\n<meta property=\"og:image\" content=\"https:\/\/www.hoteltramontano.eu\/es\/wp-content\/uploads\/2021\/04\/foto_hotel_imperial_tramontano_giardino_vista_esterni.jpg\" \/>\n\t<meta property=\"og:image:width\" content=\"1248\" \/>\n\t<meta property=\"og:image:height\" content=\"837\" \/>\n\t<meta property=\"og:image:type\" content=\"image\/jpeg\" \/>\n<meta name=\"twitter:card\" content=\"summary_large_image\" \/>\n<meta name=\"twitter:label1\" content=\"Est. reading time\" \/>\n\t<meta name=\"twitter:data1\" content=\"2 minuti\" \/>\n<script type=\"application\/ld+json\" class=\"yoast-schema-graph\">{\"@context\":\"https:\/\/schema.org\",\"@graph\":[{\"@type\":\"WebPage\",\"@id\":\"https:\/\/www.hoteltramontano.eu\/es\/hotel-jardin-es\/\",\"url\":\"https:\/\/www.hoteltramontano.eu\/es\/hotel-jardin-es\/\",\"name\":\"Hotel 4 estrellas Sorrento - Garden | Imperial Hotel Tramontano\",\"isPartOf\":{\"@id\":\"https:\/\/www.hoteltramontano.eu\/es\/#website\"},\"primaryImageOfPage\":{\"@id\":\"https:\/\/www.hoteltramontano.eu\/es\/hotel-jardin-es\/#primaryimage\"},\"image\":{\"@id\":\"https:\/\/www.hoteltramontano.eu\/es\/hotel-jardin-es\/#primaryimage\"},\"thumbnailUrl\":\"https:\/\/www.hoteltramontano.eu\/es\/wp-content\/uploads\/2021\/04\/foto_hotel_imperial_tramontano_giardino_vista_esterni.jpg\",\"datePublished\":\"2021-10-11T10:40:45+00:00\",\"dateModified\":\"2022-01-20T15:07:49+00:00\",\"description\":\"Hotel de 4 estrellas en Sorrento - Garden | Imperial Hotel Tramontano. El jard\u00edn es precioso, con \u00e1rboles centenarios y 230 tipos de plantas.\",\"breadcrumb\":{\"@id\":\"https:\/\/www.hoteltramontano.eu\/es\/hotel-jardin-es\/#breadcrumb\"},\"inLanguage\":\"it-IT\",\"potentialAction\":[{\"@type\":\"ReadAction\",\"target\":[\"https:\/\/www.hoteltramontano.eu\/es\/hotel-jardin-es\/\"]}]},{\"@type\":\"ImageObject\",\"inLanguage\":\"it-IT\",\"@id\":\"https:\/\/www.hoteltramontano.eu\/es\/hotel-jardin-es\/#primaryimage\",\"url\":\"https:\/\/www.hoteltramontano.eu\/es\/wp-content\/uploads\/2021\/04\/foto_hotel_imperial_tramontano_giardino_vista_esterni.jpg\",\"contentUrl\":\"https:\/\/www.hoteltramontano.eu\/es\/wp-content\/uploads\/2021\/04\/foto_hotel_imperial_tramontano_giardino_vista_esterni.jpg\",\"width\":1248,\"height\":837},{\"@type\":\"BreadcrumbList\",\"@id\":\"https:\/\/www.hoteltramontano.eu\/es\/hotel-jardin-es\/#breadcrumb\",\"itemListElement\":[{\"@type\":\"ListItem\",\"position\":1,\"name\":\"Home\",\"item\":\"https:\/\/www.hoteltramontano.eu\/es\/\"},{\"@type\":\"ListItem\",\"position\":2,\"name\":\"Hotel Jard\u00edn\"}]},{\"@type\":\"WebSite\",\"@id\":\"https:\/\/www.hoteltramontano.eu\/es\/#website\",\"url\":\"https:\/\/www.hoteltramontano.eu\/es\/\",\"name\":\"Imperial Hotel Tramontano\",\"description\":\"Hotel a Sorrento\",\"potentialAction\":[{\"@type\":\"SearchAction\",\"target\":{\"@type\":\"EntryPoint\",\"urlTemplate\":\"https:\/\/www.hoteltramontano.eu\/es\/?s={search_term_string}\"},\"query-input\":{\"@type\":\"PropertyValueSpecification\",\"valueRequired\":true,\"valueName\":\"search_term_string\"}}],\"inLanguage\":\"it-IT\"}]}<\/script>\n<!-- \/ Yoast SEO plugin. -->","yoast_head_json":{"title":"Hotel 4 estrellas Sorrento - Garden | Imperial Hotel Tramontano","description":"Hotel de 4 estrellas en Sorrento - Garden | Imperial Hotel Tramontano. El jard\u00edn es precioso, con \u00e1rboles centenarios y 230 tipos de plantas.","robots":{"index":"index","follow":"follow","max-snippet":"max-snippet:-1","max-image-preview":"max-image-preview:large","max-video-preview":"max-video-preview:-1"},"canonical":"https:\/\/www.hoteltramontano.eu\/es\/hotel-jardin-es\/","og_locale":"it_IT","og_type":"article","og_title":"Hotel 4 estrellas Sorrento - Garden | Imperial Hotel Tramontano","og_description":"Hotel de 4 estrellas en Sorrento - Garden | Imperial Hotel Tramontano. El jard\u00edn es precioso, con \u00e1rboles centenarios y 230 tipos de plantas.","og_url":"https:\/\/www.hoteltramontano.eu\/es\/hotel-jardin-es\/","og_site_name":"Imperial Hotel Tramontano","article_modified_time":"2022-01-20T15:07:49+00:00","og_image":[{"width":1248,"height":837,"url":"https:\/\/www.hoteltramontano.eu\/es\/wp-content\/uploads\/2021\/04\/foto_hotel_imperial_tramontano_giardino_vista_esterni.jpg","type":"image\/jpeg"}],"twitter_card":"summary_large_image","twitter_misc":{"Est. reading time":"2 minuti"},"schema":{"@context":"https:\/\/schema.org","@graph":[{"@type":"WebPage","@id":"https:\/\/www.hoteltramontano.eu\/es\/hotel-jardin-es\/","url":"https:\/\/www.hoteltramontano.eu\/es\/hotel-jardin-es\/","name":"Hotel 4 estrellas Sorrento - Garden | Imperial Hotel Tramontano","isPartOf":{"@id":"https:\/\/www.hoteltramontano.eu\/es\/#website"},"primaryImageOfPage":{"@id":"https:\/\/www.hoteltramontano.eu\/es\/hotel-jardin-es\/#primaryimage"},"image":{"@id":"https:\/\/www.hoteltramontano.eu\/es\/hotel-jardin-es\/#primaryimage"},"thumbnailUrl":"https:\/\/www.hoteltramontano.eu\/es\/wp-content\/uploads\/2021\/04\/foto_hotel_imperial_tramontano_giardino_vista_esterni.jpg","datePublished":"2021-10-11T10:40:45+00:00","dateModified":"2022-01-20T15:07:49+00:00","description":"Hotel de 4 estrellas en Sorrento - Garden | Imperial Hotel Tramontano. El jard\u00edn es precioso, con \u00e1rboles centenarios y 230 tipos de plantas.","breadcrumb":{"@id":"https:\/\/www.hoteltramontano.eu\/es\/hotel-jardin-es\/#breadcrumb"},"inLanguage":"it-IT","potentialAction":[{"@type":"ReadAction","target":["https:\/\/www.hoteltramontano.eu\/es\/hotel-jardin-es\/"]}]},{"@type":"ImageObject","inLanguage":"it-IT","@id":"https:\/\/www.hoteltramontano.eu\/es\/hotel-jardin-es\/#primaryimage","url":"https:\/\/www.hoteltramontano.eu\/es\/wp-content\/uploads\/2021\/04\/foto_hotel_imperial_tramontano_giardino_vista_esterni.jpg","contentUrl":"https:\/\/www.hoteltramontano.eu\/es\/wp-content\/uploads\/2021\/04\/foto_hotel_imperial_tramontano_giardino_vista_esterni.jpg","width":1248,"height":837},{"@type":"BreadcrumbList","@id":"https:\/\/www.hoteltramontano.eu\/es\/hotel-jardin-es\/#breadcrumb","itemListElement":[{"@type":"ListItem","position":1,"name":"Home","item":"https:\/\/www.hoteltramontano.eu\/es\/"},{"@type":"ListItem","position":2,"name":"Hotel Jard\u00edn"}]},{"@type":"WebSite","@id":"https:\/\/www.hoteltramontano.eu\/es\/#website","url":"https:\/\/www.hoteltramontano.eu\/es\/","name":"Imperial Hotel Tramontano","description":"Hotel a Sorrento","potentialAction":[{"@type":"SearchAction","target":{"@type":"EntryPoint","urlTemplate":"https:\/\/www.hoteltramontano.eu\/es\/?s={search_term_string}"},"query-input":{"@type":"PropertyValueSpecification","valueRequired":true,"valueName":"search_term_string"}}],"inLanguage":"it-IT"}]}},"_links":{"self":[{"href":"https:\/\/www.hoteltramontano.eu\/es\/wp-json\/wp\/v2\/pages\/5693","targetHints":{"allow":["GET"]}}],"collection":[{"href":"https:\/\/www.hoteltramontano.eu\/es\/wp-json\/wp\/v2\/pages"}],"about":[{"href":"https:\/\/www.hoteltramontano.eu\/es\/wp-json\/wp\/v2\/types\/page"}],"author":[{"embeddable":true,"href":"https:\/\/www.hoteltramontano.eu\/es\/wp-json\/wp\/v2\/users\/1"}],"replies":[{"embeddable":true,"href":"https:\/\/www.hoteltramontano.eu\/es\/wp-json\/wp\/v2\/comments?post=5693"}],"version-history":[{"count":14,"href":"https:\/\/www.hoteltramontano.eu\/es\/wp-json\/wp\/v2\/pages\/5693\/revisions"}],"predecessor-version":[{"id":6878,"href":"https:\/\/www.hoteltramontano.eu\/es\/wp-json\/wp\/v2\/pages\/5693\/revisions\/6878"}],"wp:featuredmedia":[{"embeddable":true,"href":"https:\/\/www.hoteltramontano.eu\/es\/wp-json\/wp\/v2\/media\/1058"}],"wp:attachment":[{"href":"https:\/\/www.hoteltramontano.eu\/es\/wp-json\/wp\/v2\/media?parent=5693"}],"curies":[{"name":"wp","href":"https:\/\/api.w.org\/{rel}","templated":true}]}}