{"id":4679,"date":"2021-08-13T21:31:28","date_gmt":"2021-08-13T19:31:28","guid":{"rendered":"http:\/\/demo.hoteltramontano.com\/demo8\/?page_id=4679"},"modified":"2022-01-18T20:04:38","modified_gmt":"2022-01-18T19:04:38","slug":"salle-de-congres-sorrento-hotel","status":"publish","type":"page","link":"https:\/\/www.hoteltramontano.eu\/es\/salle-de-congres-sorrento-hotel\/","title":{"rendered":"R\u00e9unions et \u00e9v\u00e9nements"},"content":{"rendered":"\t\t<div data-elementor-type=\"wp-page\" data-elementor-id=\"4679\" class=\"elementor elementor-4679\" data-elementor-settings=\"[]\">\n\t\t\t\t\t\t\t<div class=\"elementor-section-wrap\">\n\t\t\t\t\t\t\t<section class=\"elementor-section elementor-top-section elementor-element elementor-element-bf3eea0 elementor-section-full_width elementor-section-content-top elementor-section-stretched elementor-section-height-default elementor-section-height-default\" data-id=\"bf3eea0\" data-element_type=\"section\" data-settings=\"{&quot;stretch_section&quot;:&quot;section-stretched&quot;,&quot;hoteller_ext_is_background_parallax&quot;:&quot;false&quot;,&quot;hoteller_ext_is_background_on_scroll&quot;:&quot;false&quot;}\">\n\t\t\t\t\t\t<div class=\"elementor-container elementor-column-gap-default\">\n\t\t\t\t\t<div class=\"elementor-column elementor-col-100 elementor-top-column elementor-element elementor-element-47de9b1\" data-id=\"47de9b1\" data-element_type=\"column\" data-settings=\"{&quot;hoteller_ext_is_scrollme&quot;:&quot;false&quot;,&quot;hoteller_ext_is_smoove&quot;:&quot;false&quot;,&quot;hoteller_ext_is_parallax_mouse&quot;:&quot;false&quot;,&quot;hoteller_ext_is_infinite&quot;:&quot;false&quot;,&quot;hoteller_ext_is_fadeout_animation&quot;:&quot;false&quot;}\">\n\t\t\t<div class=\"elementor-widget-wrap elementor-element-populated\">\n\t\t\t\t\t\t\t\t<div class=\"elementor-element elementor-element-564a451 titolo-slide-pagina elementor-widget elementor-widget-hoteller-slider-parallax\" data-id=\"564a451\" data-element_type=\"widget\" data-settings=\"{&quot;hoteller_ext_is_scrollme&quot;:&quot;false&quot;,&quot;hoteller_ext_is_smoove&quot;:&quot;false&quot;,&quot;hoteller_ext_is_parallax_mouse&quot;:&quot;false&quot;,&quot;hoteller_ext_is_infinite&quot;:&quot;false&quot;,&quot;hoteller_ext_is_fadeout_animation&quot;:&quot;false&quot;}\" data-widget_type=\"hoteller-slider-parallax.default\">\n\t\t\t\t<div class=\"elementor-widget-container\">\n\t\t\t<div class=\"slider_parallax_wrapper\" data-autoplay=\"0\" data-pagination=\"0\" data-navigation=\"0\">\n\t<div class=\"slider_parallax_inner\">\n\t\t<div class=\"slider_parallax_slides\">\n\t\t\t\t\t\t<div class=\"slide is-active \">\n\t\t          \t<div class=\"slide-content\">\n\t\t            \t<div class=\"caption\">\n\t\t\t\t\t\t\t<div class=\"title\"><h2>R\u00e9unions et \u00e9v\u00e9nements<\/h2><\/div>\n\t\t\t\t\t\t\t<div class=\"text\">\n\t\t                \t\t\t\t              \t\t<\/div> \n\t\t\t                \t\t            \t<\/div>\n\t\t          \t<\/div>\n\t\t\t\t  \t<div class=\"image-container\"> \n\t\t            \t<img decoding=\"async\" src=\"https:\/\/www.hoteltramontano.eu\/es\/wp-content\/uploads\/2021\/06\/Hotel_Imperial_Tramontano_a_sorrento_hotel_a_sorrento_pagina_meet_e_celebrate_slide.jpg\" alt=\"\" class=\"image\" \/>\n\t\t          \t<\/div>\n\t\t        <\/div>\n\t\t\t\t<\/div>\n\t\t\t    \t<\/div>\n<\/div>\n\t\t<\/div>\n\t\t\t\t<\/div>\n\t\t\t\t\t<\/div>\n\t\t<\/div>\n\t\t\t\t\t\t\t<\/div>\n\t\t<\/section>\n\t\t\t\t<section class=\"elementor-section elementor-top-section elementor-element elementor-element-3f117d1 elementor-section-boxed elementor-section-height-default elementor-section-height-default\" data-id=\"3f117d1\" data-element_type=\"section\" data-settings=\"{&quot;hoteller_ext_is_background_parallax&quot;:&quot;false&quot;,&quot;hoteller_ext_is_background_on_scroll&quot;:&quot;false&quot;}\">\n\t\t\t\t\t\t<div class=\"elementor-container elementor-column-gap-default\">\n\t\t\t\t\t<div class=\"elementor-column elementor-col-50 elementor-top-column elementor-element elementor-element-1deb20d\" data-id=\"1deb20d\" data-element_type=\"column\" data-settings=\"{&quot;hoteller_ext_is_scrollme&quot;:&quot;false&quot;,&quot;hoteller_ext_is_smoove&quot;:&quot;false&quot;,&quot;hoteller_ext_is_parallax_mouse&quot;:&quot;false&quot;,&quot;hoteller_ext_is_infinite&quot;:&quot;false&quot;,&quot;hoteller_ext_is_fadeout_animation&quot;:&quot;false&quot;}\">\n\t\t\t<div class=\"elementor-widget-wrap elementor-element-populated\">\n\t\t\t\t\t\t\t\t<div class=\"elementor-element elementor-element-83bf5de elementor-invisible elementor-widget elementor-widget-heading\" data-id=\"83bf5de\" data-element_type=\"widget\" data-settings=\"{&quot;_animation&quot;:&quot;fadeInUp&quot;,&quot;hoteller_ext_is_scrollme&quot;:&quot;false&quot;,&quot;hoteller_ext_is_smoove&quot;:&quot;false&quot;,&quot;hoteller_ext_is_parallax_mouse&quot;:&quot;false&quot;,&quot;hoteller_ext_is_infinite&quot;:&quot;false&quot;,&quot;hoteller_ext_is_fadeout_animation&quot;:&quot;false&quot;}\" data-widget_type=\"heading.default\">\n\t\t\t\t<div class=\"elementor-widget-container\">\n\t\t\t<h2 class=\"elementor-heading-title elementor-size-default\">Salle de congr\u00e8s<\/h2>\t\t<\/div>\n\t\t\t\t<\/div>\n\t\t\t\t<div class=\"elementor-element elementor-element-da30eed elementor-widget elementor-widget-spacer\" data-id=\"da30eed\" data-element_type=\"widget\" data-settings=\"{&quot;hoteller_ext_is_scrollme&quot;:&quot;false&quot;,&quot;hoteller_ext_is_smoove&quot;:&quot;false&quot;,&quot;hoteller_ext_is_parallax_mouse&quot;:&quot;false&quot;,&quot;hoteller_ext_is_infinite&quot;:&quot;false&quot;,&quot;hoteller_ext_is_fadeout_animation&quot;:&quot;false&quot;}\" data-widget_type=\"spacer.default\">\n\t\t\t\t<div class=\"elementor-widget-container\">\n\t\t\t\t\t<div class=\"elementor-spacer\">\n\t\t\t<div class=\"elementor-spacer-inner\"><\/div>\n\t\t<\/div>\n\t\t\t\t<\/div>\n\t\t\t\t<\/div>\n\t\t\t\t<div class=\"elementor-element elementor-element-35cc136 elementor-invisible elementor-widget elementor-widget-text-editor\" data-id=\"35cc136\" data-element_type=\"widget\" data-settings=\"{&quot;_animation&quot;:&quot;fadeInUp&quot;,&quot;_animation_delay&quot;:100,&quot;hoteller_ext_is_scrollme&quot;:&quot;false&quot;,&quot;hoteller_ext_is_smoove&quot;:&quot;false&quot;,&quot;hoteller_ext_is_parallax_mouse&quot;:&quot;false&quot;,&quot;hoteller_ext_is_infinite&quot;:&quot;false&quot;,&quot;hoteller_ext_is_fadeout_animation&quot;:&quot;false&quot;}\" data-widget_type=\"text-editor.default\">\n\t\t\t\t<div class=\"elementor-widget-container\">\n\t\t\t\t\t\t\t<p>Les salles de r\u00e9union de l&#8217;h\u00f4tel Tramontano peuvent accueillir de 10 \u00e0 200 personnes pour tout type de r\u00e9union, congr\u00e8s ou rencontre d&#8217;entreprise, y compris les pauses caf\u00e9 et les d\u00e9jeuners d&#8217;affaires. La salle \u00ab Aminta \u00bb, datant du XVIIIe si\u00e8cle, est \u00e9quip\u00e9e d&#8217;un syst\u00e8me de sonorisation, d&#8217;enregistrement audio et vid\u00e9o, de projection de vid\u00e9os, de diapositives et de films, d&#8217;une ligne t\u00e9l\u00e9phonique directe, de la climatisation et d&#8217;un podium pour les d\u00e9fil\u00e9s de mode.<\/p>\t\t\t\t\t\t<\/div>\n\t\t\t\t<\/div>\n\t\t\t\t<div class=\"elementor-element elementor-element-07bdbb4 elementor-invisible elementor-widget elementor-widget-image\" data-id=\"07bdbb4\" data-element_type=\"widget\" data-settings=\"{&quot;_animation&quot;:&quot;fadeInUp&quot;,&quot;_animation_delay&quot;:400,&quot;hoteller_image_is_animation&quot;:&quot;false&quot;,&quot;hoteller_ext_is_scrollme&quot;:&quot;false&quot;,&quot;hoteller_ext_is_smoove&quot;:&quot;false&quot;,&quot;hoteller_ext_is_parallax_mouse&quot;:&quot;false&quot;,&quot;hoteller_ext_is_infinite&quot;:&quot;false&quot;,&quot;hoteller_ext_is_fadeout_animation&quot;:&quot;false&quot;}\" data-widget_type=\"image.default\">\n\t\t\t\t<div class=\"elementor-widget-container\">\n\t\t\t\t\t\t\t\t\t\t\t\t\t\t\t<img loading=\"lazy\" decoding=\"async\" width=\"1960\" height=\"1080\" src=\"https:\/\/www.hoteltramontano.eu\/es\/wp-content\/uploads\/2021\/06\/Hotel_Imperial_Tramontano_a_sorrento_hotel_a_sorrento_pagina_meet_e_celebrate_blocco_foto_2.jpg\" class=\"attachment-full size-full\" alt=\"\" \/>\t\t\t\t\t\t\t\t\t\t\t\t\t\t\t<\/div>\n\t\t\t\t<\/div>\n\t\t\t\t\t<\/div>\n\t\t<\/div>\n\t\t\t\t<div class=\"elementor-column elementor-col-50 elementor-top-column elementor-element elementor-element-2296339\" data-id=\"2296339\" data-element_type=\"column\" data-settings=\"{&quot;hoteller_ext_is_scrollme&quot;:&quot;false&quot;,&quot;hoteller_ext_is_smoove&quot;:&quot;false&quot;,&quot;hoteller_ext_is_parallax_mouse&quot;:&quot;false&quot;,&quot;hoteller_ext_is_infinite&quot;:&quot;false&quot;,&quot;hoteller_ext_is_fadeout_animation&quot;:&quot;false&quot;}\">\n\t\t\t<div class=\"elementor-widget-wrap elementor-element-populated\">\n\t\t\t\t\t\t\t\t<div class=\"elementor-element elementor-element-37c44c3 elementor-invisible elementor-widget elementor-widget-image\" data-id=\"37c44c3\" data-element_type=\"widget\" data-settings=\"{&quot;_animation&quot;:&quot;fadeInUp&quot;,&quot;_animation_delay&quot;:200,&quot;hoteller_image_is_animation&quot;:&quot;false&quot;,&quot;hoteller_ext_is_scrollme&quot;:&quot;false&quot;,&quot;hoteller_ext_is_smoove&quot;:&quot;false&quot;,&quot;hoteller_ext_is_parallax_mouse&quot;:&quot;false&quot;,&quot;hoteller_ext_is_infinite&quot;:&quot;false&quot;,&quot;hoteller_ext_is_fadeout_animation&quot;:&quot;false&quot;}\" data-widget_type=\"image.default\">\n\t\t\t\t<div class=\"elementor-widget-container\">\n\t\t\t\t\t\t\t\t\t\t\t\t\t\t\t<img loading=\"lazy\" decoding=\"async\" width=\"765\" height=\"1260\" src=\"https:\/\/www.hoteltramontano.eu\/es\/wp-content\/uploads\/2021\/06\/Hotel_Imperial_Tramontano_a_sorrento_hotel_a_sorrento_pagina_meet_e_celebrate_blocco_foto_3.jpg\" class=\"attachment-full size-full\" alt=\"\" \/>\t\t\t\t\t\t\t\t\t\t\t\t\t\t\t<\/div>\n\t\t\t\t<\/div>\n\t\t\t\t\t<\/div>\n\t\t<\/div>\n\t\t\t\t\t\t\t<\/div>\n\t\t<\/section>\n\t\t\t\t\t\t<\/div>\n\t\t\t\t\t<\/div>\n\t\t","protected":false},"excerpt":{"rendered":"<p>R\u00e9unions et \u00e9v\u00e9nements Salle de congr\u00e8s Les salles de r\u00e9union de l&#8217;h\u00f4tel Tramontano peuvent accueillir de 10 \u00e0 200 personnes pour tout type de r\u00e9union, congr\u00e8s ou rencontre d&#8217;entreprise, y compris les pauses caf\u00e9 et les d\u00e9jeuners d&#8217;affaires. La salle [&hellip;]<\/p>\n","protected":false},"author":1,"featured_media":1983,"parent":0,"menu_order":0,"comment_status":"closed","ping_status":"closed","template":"","meta":{"footnotes":""},"class_list":["post-4679","page","type-page","status-publish","has-post-thumbnail","hentry"],"yoast_head":"<!-- This site is optimized with the Yoast SEO plugin v25.0 - https:\/\/yoast.com\/wordpress\/plugins\/seo\/ -->\n<title>Rencontre et c\u00e9l\u00e9bration | H\u00f4tel \u00e0 Sorrente - Imperial Hotel Tramontano<\/title>\n<meta name=\"description\" content=\"Rencontre et c\u00e9l\u00e9bration | H\u00f4tel \u00e0 Sorrente - Imperial Hotel Tramontano. The hotel has meeting rooms up to 200 seats for any meeting.\" \/>\n<meta name=\"robots\" content=\"index, follow, max-snippet:-1, max-image-preview:large, max-video-preview:-1\" \/>\n<link rel=\"canonical\" href=\"https:\/\/www.hoteltramontano.eu\/es\/salle-de-congres-sorrento-hotel\/\" \/>\n<meta property=\"og:locale\" content=\"it_IT\" \/>\n<meta property=\"og:type\" content=\"article\" \/>\n<meta property=\"og:title\" content=\"Rencontre et c\u00e9l\u00e9bration | H\u00f4tel \u00e0 Sorrente - Imperial Hotel Tramontano\" \/>\n<meta property=\"og:description\" content=\"Rencontre et c\u00e9l\u00e9bration | H\u00f4tel \u00e0 Sorrente - Imperial Hotel Tramontano. The hotel has meeting rooms up to 200 seats for any meeting.\" \/>\n<meta property=\"og:url\" content=\"https:\/\/www.hoteltramontano.eu\/es\/salle-de-congres-sorrento-hotel\/\" \/>\n<meta property=\"og:site_name\" content=\"Imperial Hotel Tramontano\" \/>\n<meta property=\"article:modified_time\" content=\"2022-01-18T19:04:38+00:00\" \/>\n<meta property=\"og:image\" content=\"https:\/\/www.hoteltramontano.eu\/es\/wp-content\/uploads\/2021\/06\/Hotel_Imperial_Tramontano_a_sorrento_hotel_a_sorrento_pagina_meet_e_celebrate_slide.jpg\" \/>\n\t<meta property=\"og:image:width\" content=\"1960\" \/>\n\t<meta property=\"og:image:height\" content=\"1080\" \/>\n\t<meta property=\"og:image:type\" content=\"image\/jpeg\" \/>\n<meta name=\"twitter:card\" content=\"summary_large_image\" \/>\n<meta name=\"twitter:label1\" content=\"Est. reading time\" \/>\n\t<meta name=\"twitter:data1\" content=\"1 minuto\" \/>\n<script type=\"application\/ld+json\" class=\"yoast-schema-graph\">{\"@context\":\"https:\/\/schema.org\",\"@graph\":[{\"@type\":\"WebPage\",\"@id\":\"https:\/\/www.hoteltramontano.eu\/es\/salle-de-congres-sorrento-hotel\/\",\"url\":\"https:\/\/www.hoteltramontano.eu\/es\/salle-de-congres-sorrento-hotel\/\",\"name\":\"Rencontre et c\u00e9l\u00e9bration | H\u00f4tel \u00e0 Sorrente - Imperial Hotel Tramontano\",\"isPartOf\":{\"@id\":\"https:\/\/www.hoteltramontano.eu\/es\/#website\"},\"primaryImageOfPage\":{\"@id\":\"https:\/\/www.hoteltramontano.eu\/es\/salle-de-congres-sorrento-hotel\/#primaryimage\"},\"image\":{\"@id\":\"https:\/\/www.hoteltramontano.eu\/es\/salle-de-congres-sorrento-hotel\/#primaryimage\"},\"thumbnailUrl\":\"https:\/\/www.hoteltramontano.eu\/es\/wp-content\/uploads\/2021\/06\/Hotel_Imperial_Tramontano_a_sorrento_hotel_a_sorrento_pagina_meet_e_celebrate_slide.jpg\",\"datePublished\":\"2021-08-13T19:31:28+00:00\",\"dateModified\":\"2022-01-18T19:04:38+00:00\",\"description\":\"Rencontre et c\u00e9l\u00e9bration | H\u00f4tel \u00e0 Sorrente - Imperial Hotel Tramontano. The hotel has meeting rooms up to 200 seats for any meeting.\",\"breadcrumb\":{\"@id\":\"https:\/\/www.hoteltramontano.eu\/es\/salle-de-congres-sorrento-hotel\/#breadcrumb\"},\"inLanguage\":\"it-IT\",\"potentialAction\":[{\"@type\":\"ReadAction\",\"target\":[\"https:\/\/www.hoteltramontano.eu\/es\/salle-de-congres-sorrento-hotel\/\"]}]},{\"@type\":\"ImageObject\",\"inLanguage\":\"it-IT\",\"@id\":\"https:\/\/www.hoteltramontano.eu\/es\/salle-de-congres-sorrento-hotel\/#primaryimage\",\"url\":\"https:\/\/www.hoteltramontano.eu\/es\/wp-content\/uploads\/2021\/06\/Hotel_Imperial_Tramontano_a_sorrento_hotel_a_sorrento_pagina_meet_e_celebrate_slide.jpg\",\"contentUrl\":\"https:\/\/www.hoteltramontano.eu\/es\/wp-content\/uploads\/2021\/06\/Hotel_Imperial_Tramontano_a_sorrento_hotel_a_sorrento_pagina_meet_e_celebrate_slide.jpg\",\"width\":1960,\"height\":1080},{\"@type\":\"BreadcrumbList\",\"@id\":\"https:\/\/www.hoteltramontano.eu\/es\/salle-de-congres-sorrento-hotel\/#breadcrumb\",\"itemListElement\":[{\"@type\":\"ListItem\",\"position\":1,\"name\":\"Home\",\"item\":\"https:\/\/www.hoteltramontano.eu\/es\/\"},{\"@type\":\"ListItem\",\"position\":2,\"name\":\"R\u00e9unions et \u00e9v\u00e9nements\"}]},{\"@type\":\"WebSite\",\"@id\":\"https:\/\/www.hoteltramontano.eu\/es\/#website\",\"url\":\"https:\/\/www.hoteltramontano.eu\/es\/\",\"name\":\"Imperial Hotel Tramontano\",\"description\":\"Hotel a Sorrento\",\"potentialAction\":[{\"@type\":\"SearchAction\",\"target\":{\"@type\":\"EntryPoint\",\"urlTemplate\":\"https:\/\/www.hoteltramontano.eu\/es\/?s={search_term_string}\"},\"query-input\":{\"@type\":\"PropertyValueSpecification\",\"valueRequired\":true,\"valueName\":\"search_term_string\"}}],\"inLanguage\":\"it-IT\"}]}<\/script>\n<!-- \/ Yoast SEO plugin. -->","yoast_head_json":{"title":"Rencontre et c\u00e9l\u00e9bration | H\u00f4tel \u00e0 Sorrente - Imperial Hotel Tramontano","description":"Rencontre et c\u00e9l\u00e9bration | H\u00f4tel \u00e0 Sorrente - Imperial Hotel Tramontano. The hotel has meeting rooms up to 200 seats for any meeting.","robots":{"index":"index","follow":"follow","max-snippet":"max-snippet:-1","max-image-preview":"max-image-preview:large","max-video-preview":"max-video-preview:-1"},"canonical":"https:\/\/www.hoteltramontano.eu\/es\/salle-de-congres-sorrento-hotel\/","og_locale":"it_IT","og_type":"article","og_title":"Rencontre et c\u00e9l\u00e9bration | H\u00f4tel \u00e0 Sorrente - Imperial Hotel Tramontano","og_description":"Rencontre et c\u00e9l\u00e9bration | H\u00f4tel \u00e0 Sorrente - Imperial Hotel Tramontano. The hotel has meeting rooms up to 200 seats for any meeting.","og_url":"https:\/\/www.hoteltramontano.eu\/es\/salle-de-congres-sorrento-hotel\/","og_site_name":"Imperial Hotel Tramontano","article_modified_time":"2022-01-18T19:04:38+00:00","og_image":[{"width":1960,"height":1080,"url":"https:\/\/www.hoteltramontano.eu\/es\/wp-content\/uploads\/2021\/06\/Hotel_Imperial_Tramontano_a_sorrento_hotel_a_sorrento_pagina_meet_e_celebrate_slide.jpg","type":"image\/jpeg"}],"twitter_card":"summary_large_image","twitter_misc":{"Est. reading time":"1 minuto"},"schema":{"@context":"https:\/\/schema.org","@graph":[{"@type":"WebPage","@id":"https:\/\/www.hoteltramontano.eu\/es\/salle-de-congres-sorrento-hotel\/","url":"https:\/\/www.hoteltramontano.eu\/es\/salle-de-congres-sorrento-hotel\/","name":"Rencontre et c\u00e9l\u00e9bration | H\u00f4tel \u00e0 Sorrente - Imperial Hotel Tramontano","isPartOf":{"@id":"https:\/\/www.hoteltramontano.eu\/es\/#website"},"primaryImageOfPage":{"@id":"https:\/\/www.hoteltramontano.eu\/es\/salle-de-congres-sorrento-hotel\/#primaryimage"},"image":{"@id":"https:\/\/www.hoteltramontano.eu\/es\/salle-de-congres-sorrento-hotel\/#primaryimage"},"thumbnailUrl":"https:\/\/www.hoteltramontano.eu\/es\/wp-content\/uploads\/2021\/06\/Hotel_Imperial_Tramontano_a_sorrento_hotel_a_sorrento_pagina_meet_e_celebrate_slide.jpg","datePublished":"2021-08-13T19:31:28+00:00","dateModified":"2022-01-18T19:04:38+00:00","description":"Rencontre et c\u00e9l\u00e9bration | H\u00f4tel \u00e0 Sorrente - Imperial Hotel Tramontano. The hotel has meeting rooms up to 200 seats for any meeting.","breadcrumb":{"@id":"https:\/\/www.hoteltramontano.eu\/es\/salle-de-congres-sorrento-hotel\/#breadcrumb"},"inLanguage":"it-IT","potentialAction":[{"@type":"ReadAction","target":["https:\/\/www.hoteltramontano.eu\/es\/salle-de-congres-sorrento-hotel\/"]}]},{"@type":"ImageObject","inLanguage":"it-IT","@id":"https:\/\/www.hoteltramontano.eu\/es\/salle-de-congres-sorrento-hotel\/#primaryimage","url":"https:\/\/www.hoteltramontano.eu\/es\/wp-content\/uploads\/2021\/06\/Hotel_Imperial_Tramontano_a_sorrento_hotel_a_sorrento_pagina_meet_e_celebrate_slide.jpg","contentUrl":"https:\/\/www.hoteltramontano.eu\/es\/wp-content\/uploads\/2021\/06\/Hotel_Imperial_Tramontano_a_sorrento_hotel_a_sorrento_pagina_meet_e_celebrate_slide.jpg","width":1960,"height":1080},{"@type":"BreadcrumbList","@id":"https:\/\/www.hoteltramontano.eu\/es\/salle-de-congres-sorrento-hotel\/#breadcrumb","itemListElement":[{"@type":"ListItem","position":1,"name":"Home","item":"https:\/\/www.hoteltramontano.eu\/es\/"},{"@type":"ListItem","position":2,"name":"R\u00e9unions et \u00e9v\u00e9nements"}]},{"@type":"WebSite","@id":"https:\/\/www.hoteltramontano.eu\/es\/#website","url":"https:\/\/www.hoteltramontano.eu\/es\/","name":"Imperial Hotel Tramontano","description":"Hotel a Sorrento","potentialAction":[{"@type":"SearchAction","target":{"@type":"EntryPoint","urlTemplate":"https:\/\/www.hoteltramontano.eu\/es\/?s={search_term_string}"},"query-input":{"@type":"PropertyValueSpecification","valueRequired":true,"valueName":"search_term_string"}}],"inLanguage":"it-IT"}]}},"_links":{"self":[{"href":"https:\/\/www.hoteltramontano.eu\/es\/wp-json\/wp\/v2\/pages\/4679","targetHints":{"allow":["GET"]}}],"collection":[{"href":"https:\/\/www.hoteltramontano.eu\/es\/wp-json\/wp\/v2\/pages"}],"about":[{"href":"https:\/\/www.hoteltramontano.eu\/es\/wp-json\/wp\/v2\/types\/page"}],"author":[{"embeddable":true,"href":"https:\/\/www.hoteltramontano.eu\/es\/wp-json\/wp\/v2\/users\/1"}],"replies":[{"embeddable":true,"href":"https:\/\/www.hoteltramontano.eu\/es\/wp-json\/wp\/v2\/comments?post=4679"}],"version-history":[{"count":14,"href":"https:\/\/www.hoteltramontano.eu\/es\/wp-json\/wp\/v2\/pages\/4679\/revisions"}],"predecessor-version":[{"id":6724,"href":"https:\/\/www.hoteltramontano.eu\/es\/wp-json\/wp\/v2\/pages\/4679\/revisions\/6724"}],"wp:featuredmedia":[{"embeddable":true,"href":"https:\/\/www.hoteltramontano.eu\/es\/wp-json\/wp\/v2\/media\/1983"}],"wp:attachment":[{"href":"https:\/\/www.hoteltramontano.eu\/es\/wp-json\/wp\/v2\/media?parent=4679"}],"curies":[{"name":"wp","href":"https:\/\/api.w.org\/{rel}","templated":true}]}}